{"id":10,"date":"2025-04-06T01:16:23","date_gmt":"2025-04-05T23:16:23","guid":{"rendered":"https:\/\/agriproducts.com.pe\/contacto\/?page_id=10"},"modified":"2025-04-22T05:39:07","modified_gmt":"2025-04-22T03:39:07","slug":"inicio","status":"publish","type":"page","link":"https:\/\/agriproducts.com.pe\/contacto\/","title":{"rendered":"Inicio"},"content":{"rendered":"\t\t<div data-elementor-type=\"wp-page\" data-elementor-id=\"10\" class=\"elementor elementor-10\" data-elementor-post-type=\"page\">\n\t\t\t\t<div class=\"elementor-element elementor-element-32d5a9f e-flex e-con-boxed e-con e-parent\" data-id=\"32d5a9f\" data-element_type=\"container\" data-e-type=\"container\">\n\t\t\t\t\t<div class=\"e-con-inner\">\n\t\t<div class=\"elementor-element elementor-element-6252ebd e-con-full e-flex e-con e-child\" data-id=\"6252ebd\" data-element_type=\"container\" data-e-type=\"container\" data-settings=\"{&quot;background_background&quot;:&quot;slideshow&quot;,&quot;background_slideshow_gallery&quot;:[{&quot;id&quot;:319,&quot;url&quot;:&quot;https:\\\/\\\/agriproducts.com.pe\\\/contacto\\\/wp-content\\\/uploads\\\/2025\\\/04\\\/pollo01.jpg&quot;},{&quot;id&quot;:320,&quot;url&quot;:&quot;https:\\\/\\\/agriproducts.com.pe\\\/contacto\\\/wp-content\\\/uploads\\\/2025\\\/04\\\/pollo02.jpg&quot;},{&quot;id&quot;:321,&quot;url&quot;:&quot;https:\\\/\\\/agriproducts.com.pe\\\/contacto\\\/wp-content\\\/uploads\\\/2025\\\/04\\\/pollo03.jpg&quot;},{&quot;id&quot;:322,&quot;url&quot;:&quot;https:\\\/\\\/agriproducts.com.pe\\\/contacto\\\/wp-content\\\/uploads\\\/2025\\\/04\\\/pollo04.jpg&quot;},{&quot;id&quot;:323,&quot;url&quot;:&quot;https:\\\/\\\/agriproducts.com.pe\\\/contacto\\\/wp-content\\\/uploads\\\/2025\\\/04\\\/pollo05.jpg&quot;}],&quot;background_slideshow_slide_duration&quot;:1000,&quot;background_slideshow_transition_duration&quot;:900,&quot;background_slideshow_ken_burns&quot;:&quot;yes&quot;,&quot;background_slideshow_loop&quot;:&quot;yes&quot;,&quot;background_slideshow_slide_transition&quot;:&quot;fade&quot;,&quot;background_slideshow_ken_burns_zoom_direction&quot;:&quot;in&quot;}\">\n\t\t\t\t<\/div>\n\t\t<div class=\"elementor-element elementor-element-bad509f e-con-full e-flex e-con e-child\" data-id=\"bad509f\" data-element_type=\"container\" data-e-type=\"container\">\n\t\t\t\t<div class=\"elementor-element elementor-element-d6fe87c elementor-invisible elementor-widget elementor-widget-heading\" data-id=\"d6fe87c\" data-element_type=\"widget\" data-e-type=\"widget\" data-settings=\"{&quot;_animation&quot;:&quot;fadeInUp&quot;,&quot;_animation_delay&quot;:100}\" data-widget_type=\"heading.default\">\n\t\t\t\t<div class=\"elementor-widget-container\">\n\t\t\t\t\t<h2 class=\"elementor-heading-title elementor-size-default\">Pollos BB<\/h2>\t\t\t\t<\/div>\n\t\t\t\t<\/div>\n\t\t\t\t<div class=\"elementor-element elementor-element-f6a1bbf elementor-invisible elementor-widget elementor-widget-heading\" data-id=\"f6a1bbf\" data-element_type=\"widget\" data-e-type=\"widget\" data-settings=\"{&quot;_animation&quot;:&quot;fadeInUp&quot;,&quot;_animation_delay&quot;:200}\" data-widget_type=\"heading.default\">\n\t\t\t\t<div class=\"elementor-widget-container\">\n\t\t\t\t\t<h2 class=\"elementor-heading-title elementor-size-default\">inmunizados<\/h2>\t\t\t\t<\/div>\n\t\t\t\t<\/div>\n\t\t\t\t<div class=\"elementor-element elementor-element-63841af elementor-invisible elementor-widget elementor-widget-heading\" data-id=\"63841af\" data-element_type=\"widget\" data-e-type=\"widget\" data-settings=\"{&quot;_animation&quot;:&quot;fadeInUp&quot;,&quot;_animation_delay&quot;:300}\" data-widget_type=\"heading.default\">\n\t\t\t\t<div class=\"elementor-widget-container\">\n\t\t\t\t\t<h2 class=\"elementor-heading-title elementor-size-default\">con vacunas<\/h2>\t\t\t\t<\/div>\n\t\t\t\t<\/div>\n\t\t\t\t<div class=\"elementor-element elementor-element-0bdcfa9 elementor-invisible elementor-widget elementor-widget-heading\" data-id=\"0bdcfa9\" data-element_type=\"widget\" data-e-type=\"widget\" data-settings=\"{&quot;_animation&quot;:&quot;fadeInUp&quot;,&quot;_animation_delay&quot;:400}\" data-widget_type=\"heading.default\">\n\t\t\t\t<div class=\"elementor-widget-container\">\n\t\t\t\t\t<h2 class=\"elementor-heading-title elementor-size-default\">de \u00faltima<\/h2>\t\t\t\t<\/div>\n\t\t\t\t<\/div>\n\t\t\t\t<div class=\"elementor-element elementor-element-9769d21 elementor-invisible elementor-widget elementor-widget-heading\" data-id=\"9769d21\" data-element_type=\"widget\" data-e-type=\"widget\" data-settings=\"{&quot;_animation&quot;:&quot;fadeInUp&quot;,&quot;_animation_delay&quot;:500}\" data-widget_type=\"heading.default\">\n\t\t\t\t<div class=\"elementor-widget-container\">\n\t\t\t\t\t<h2 class=\"elementor-heading-title elementor-size-default\">generaci\u00f3n<\/h2>\t\t\t\t<\/div>\n\t\t\t\t<\/div>\n\t\t\t\t<\/div>\n\t\t\t\t\t<\/div>\n\t\t\t\t<\/div>\n\t\t<div class=\"elementor-element elementor-element-a175272 e-flex e-con-boxed e-con e-parent\" data-id=\"a175272\" data-element_type=\"container\" data-e-type=\"container\">\n\t\t\t\t\t<div class=\"e-con-inner\">\n\t\t<div class=\"elementor-element elementor-element-e578fd3 e-con-full e-flex e-con e-child\" data-id=\"e578fd3\" data-element_type=\"container\" data-e-type=\"container\">\n\t\t\t\t<div class=\"elementor-element elementor-element-301ea1b elementor-widget elementor-widget-counter\" data-id=\"301ea1b\" data-element_type=\"widget\" data-e-type=\"widget\" data-widget_type=\"counter.default\">\n\t\t\t\t<div class=\"elementor-widget-container\">\n\t\t\t\t\t\t\t<div class=\"elementor-counter\">\n\t\t\t<div class=\"elementor-counter-title\">T\u00edtulo de n\u00famero<\/div>\t\t\t<div class=\"elementor-counter-number-wrapper\">\n\t\t\t\t<span class=\"elementor-counter-number-prefix\"><\/span>\n\t\t\t\t<span class=\"elementor-counter-number\" data-duration=\"2000\" data-to-value=\"25\" data-from-value=\"0\" data-delimiter=\",\">0<\/span>\n\t\t\t\t<span class=\"elementor-counter-number-suffix\"><\/span>\n\t\t\t<\/div>\n\t\t<\/div>\n\t\t\t\t\t\t<\/div>\n\t\t\t\t<\/div>\n\t\t\t\t<div class=\"elementor-element elementor-element-7988d69 elementor-widget elementor-widget-text-editor\" data-id=\"7988d69\" data-element_type=\"widget\" data-e-type=\"widget\" data-widget_type=\"text-editor.default\">\n\t\t\t\t<div class=\"elementor-widget-container\">\n\t\t\t\t\t\t\t\t\t<p class=\"info-box-title title wd-font-weight- box-title-style-default wd-fontsize-m\">A\u00d1OS DE EXPERIENCIA EN EL SECTOR AV\u00cdCOLA<\/p>\t\t\t\t\t\t\t\t<\/div>\n\t\t\t\t<\/div>\n\t\t\t\t<\/div>\n\t\t<div class=\"elementor-element elementor-element-0282b7d e-con-full e-flex e-con e-child\" data-id=\"0282b7d\" data-element_type=\"container\" data-e-type=\"container\">\n\t\t\t\t<div class=\"elementor-element elementor-element-8ca4ad4 elementor-widget elementor-widget-counter\" data-id=\"8ca4ad4\" data-element_type=\"widget\" data-e-type=\"widget\" data-widget_type=\"counter.default\">\n\t\t\t\t<div class=\"elementor-widget-container\">\n\t\t\t\t\t\t\t<div class=\"elementor-counter\">\n\t\t\t<div class=\"elementor-counter-title\">T\u00edtulo de n\u00famero<\/div>\t\t\t<div class=\"elementor-counter-number-wrapper\">\n\t\t\t\t<span class=\"elementor-counter-number-prefix\"><\/span>\n\t\t\t\t<span class=\"elementor-counter-number\" data-duration=\"2000\" data-to-value=\"1.3\" data-from-value=\"0\" data-delimiter=\",\">0<\/span>\n\t\t\t\t<span class=\"elementor-counter-number-suffix\"><\/span>\n\t\t\t<\/div>\n\t\t<\/div>\n\t\t\t\t\t\t<\/div>\n\t\t\t\t<\/div>\n\t\t\t\t<div class=\"elementor-element elementor-element-1582313 elementor-widget elementor-widget-text-editor\" data-id=\"1582313\" data-element_type=\"widget\" data-e-type=\"widget\" data-widget_type=\"text-editor.default\">\n\t\t\t\t<div class=\"elementor-widget-container\">\n\t\t\t\t\t\t\t\t\t<p class=\"info-box-title title wd-font-weight- box-title-style-default wd-fontsize-m\">MILLONES DE POLLOS VENDIDOS EN EL \u00daTIMO A\u00d1O<\/p>\t\t\t\t\t\t\t\t<\/div>\n\t\t\t\t<\/div>\n\t\t\t\t<\/div>\n\t\t<div class=\"elementor-element elementor-element-3951d95 e-con-full e-flex e-con e-child\" data-id=\"3951d95\" data-element_type=\"container\" data-e-type=\"container\">\n\t\t\t\t<div class=\"elementor-element elementor-element-3f7e43f elementor-widget elementor-widget-counter\" data-id=\"3f7e43f\" data-element_type=\"widget\" data-e-type=\"widget\" data-widget_type=\"counter.default\">\n\t\t\t\t<div class=\"elementor-widget-container\">\n\t\t\t\t\t\t\t<div class=\"elementor-counter\">\n\t\t\t<div class=\"elementor-counter-title\">T\u00edtulo de n\u00famero<\/div>\t\t\t<div class=\"elementor-counter-number-wrapper\">\n\t\t\t\t<span class=\"elementor-counter-number-prefix\"><\/span>\n\t\t\t\t<span class=\"elementor-counter-number\" data-duration=\"2000\" data-to-value=\"1.6\" data-from-value=\"0\" data-delimiter=\",\">0<\/span>\n\t\t\t\t<span class=\"elementor-counter-number-suffix\"><\/span>\n\t\t\t<\/div>\n\t\t<\/div>\n\t\t\t\t\t\t<\/div>\n\t\t\t\t<\/div>\n\t\t\t\t<div class=\"elementor-element elementor-element-38b5fa7 elementor-widget elementor-widget-text-editor\" data-id=\"38b5fa7\" data-element_type=\"widget\" data-e-type=\"widget\" data-widget_type=\"text-editor.default\">\n\t\t\t\t<div class=\"elementor-widget-container\">\n\t\t\t\t\t\t\t\t\t<p class=\"info-box-title title wd-font-weight- box-title-style-default wd-fontsize-m\">MILLONES DE HUEVOS INCUBADOS EN 2024<\/p>\t\t\t\t\t\t\t\t<\/div>\n\t\t\t\t<\/div>\n\t\t\t\t<\/div>\n\t\t<div class=\"elementor-element elementor-element-0ae68c8 e-con-full e-flex e-con e-child\" data-id=\"0ae68c8\" data-element_type=\"container\" data-e-type=\"container\">\n\t\t\t\t<div class=\"elementor-element elementor-element-51124c5 elementor-widget elementor-widget-counter\" data-id=\"51124c5\" data-element_type=\"widget\" data-e-type=\"widget\" data-widget_type=\"counter.default\">\n\t\t\t\t<div class=\"elementor-widget-container\">\n\t\t\t\t\t\t\t<div class=\"elementor-counter\">\n\t\t\t<div class=\"elementor-counter-title\">T\u00edtulo de n\u00famero<\/div>\t\t\t<div class=\"elementor-counter-number-wrapper\">\n\t\t\t\t<span class=\"elementor-counter-number-prefix\"><\/span>\n\t\t\t\t<span class=\"elementor-counter-number\" data-duration=\"2000\" data-to-value=\"5\" data-from-value=\"0\" data-delimiter=\",\">0<\/span>\n\t\t\t\t<span class=\"elementor-counter-number-suffix\"><\/span>\n\t\t\t<\/div>\n\t\t<\/div>\n\t\t\t\t\t\t<\/div>\n\t\t\t\t<\/div>\n\t\t\t\t<div class=\"elementor-element elementor-element-2342c4f elementor-widget elementor-widget-text-editor\" data-id=\"2342c4f\" data-element_type=\"widget\" data-e-type=\"widget\" data-widget_type=\"text-editor.default\">\n\t\t\t\t<div class=\"elementor-widget-container\">\n\t\t\t\t\t\t\t\t\t<p class=\"info-box-title title wd-font-weight- box-title-style-default wd-fontsize-m\">ESCUELAS T\u00c9CNICAS DICTADAS PARA PRODUCTORES<\/p>\t\t\t\t\t\t\t\t<\/div>\n\t\t\t\t<\/div>\n\t\t\t\t<\/div>\n\t\t\t\t\t<\/div>\n\t\t\t\t<\/div>\n\t\t<div class=\"elementor-element elementor-element-afccdfb e-con-full e-flex e-con e-parent\" data-id=\"afccdfb\" data-element_type=\"container\" data-e-type=\"container\">\n\t\t\t\t<div class=\"elementor-element elementor-element-55c5b4f elementor--h-position-center elementor--v-position-middle elementor-arrows-position-inside elementor-widget elementor-widget-slides\" data-id=\"55c5b4f\" data-element_type=\"widget\" data-e-type=\"widget\" data-settings=\"{&quot;navigation&quot;:&quot;arrows&quot;,&quot;transition_speed&quot;:800,&quot;autoplay&quot;:&quot;yes&quot;,&quot;autoplay_speed&quot;:5000,&quot;infinite&quot;:&quot;yes&quot;,&quot;transition&quot;:&quot;slide&quot;}\" data-widget_type=\"slides.default\">\n\t\t\t\t<div class=\"elementor-widget-container\">\n\t\t\t\t\t\t\t\t\t<div class=\"elementor-swiper\">\n\t\t\t\t\t<div class=\"elementor-slides-wrapper elementor-main-swiper swiper\" role=\"region\" aria-roledescription=\"carousel\" aria-label=\"Slides\" dir=\"ltr\" data-animation=\"fadeInRight\">\n\t\t\t\t<div class=\"swiper-wrapper elementor-slides\">\n\t\t\t\t\t\t\t\t\t\t<div class=\"elementor-repeater-item-e91df22 swiper-slide\" role=\"group\" aria-roledescription=\"slide\"><div class=\"swiper-slide-bg elementor-ken-burns elementor-ken-burns--in\" role=\"img\"><\/div><div class=\"elementor-background-overlay\"><\/div><div class=\"swiper-slide-inner\" ><div class=\"swiper-slide-contents\"><div class=\"elementor-slide-heading\">Pollos BB de la L\u00ednea Gen\u00e9tica COBB 500\u00ae<\/div><a href=\"https:\/\/agriproducts.com.pe\/contacto\/index.php\/pollos-bb\/\" class=\"elementor-button elementor-slide-button elementor-size-sm\">+ INFO<\/a><\/div><\/div><\/div><div class=\"elementor-repeater-item-eaabf2a swiper-slide\" role=\"group\" aria-roledescription=\"slide\"><div class=\"swiper-slide-bg elementor-ken-burns elementor-ken-burns--in\" role=\"img\"><\/div><div class=\"swiper-slide-inner\" ><div class=\"swiper-slide-contents\"><div class=\"elementor-slide-heading\">L\u00ednea DSM Rovimix: Pollos y Postura<\/div><a href=\"https:\/\/agriproducts.com.pe\/contacto\/index.php\/nucleo-nutricional\/\" class=\"elementor-button elementor-slide-button elementor-size-sm\">+ INFO<\/a><\/div><\/div><\/div><div class=\"elementor-repeater-item-460b724 swiper-slide\" role=\"group\" aria-roledescription=\"slide\"><div class=\"swiper-slide-bg elementor-ken-burns elementor-ken-burns--in\" role=\"img\"><\/div><div class=\"elementor-background-overlay\"><\/div><div class=\"swiper-slide-inner\" ><div class=\"swiper-slide-contents\"><div class=\"elementor-slide-heading\">Promune: Medicamentos veterinarios<\/div><a href=\"https:\/\/agriproducts.com.pe\/contacto\/index.php\/promune\/\" class=\"elementor-button elementor-slide-button elementor-size-sm\">+ INFO<\/a><\/div><\/div><\/div><div class=\"elementor-repeater-item-d926ebb swiper-slide\" role=\"group\" aria-roledescription=\"slide\"><div class=\"swiper-slide-bg elementor-ken-burns elementor-ken-burns--in\" role=\"img\"><\/div><div class=\"swiper-slide-inner\" ><div class=\"swiper-slide-contents\"><div class=\"elementor-slide-heading\">Acikobra\u00ae Productos en tabletas y polvo soluble<\/div><a href=\"https:\/\/agriproducts.com.pe\/contacto\/index.php\/acikobra\/\" class=\"elementor-button elementor-slide-button elementor-size-sm\">+ INFO<\/a><\/div><\/div><\/div><div class=\"elementor-repeater-item-496da51 swiper-slide\" role=\"group\" aria-roledescription=\"slide\"><div class=\"swiper-slide-bg elementor-ken-burns elementor-ken-burns--in\" role=\"img\"><\/div><div class=\"swiper-slide-inner\" ><div class=\"swiper-slide-contents\"><div class=\"elementor-slide-heading\">Cuarteto Kobra\u00ae Tratamiento de agua<\/div><a href=\"https:\/\/agriproducts.com.pe\/contacto\/index.php\/cuarteto-kobra\/\" class=\"elementor-button elementor-slide-button elementor-size-sm\">+ INFO<\/a><\/div><\/div><\/div><div class=\"elementor-repeater-item-e8e800b swiper-slide\" role=\"group\" aria-roledescription=\"slide\"><div class=\"swiper-slide-bg elementor-ken-burns elementor-ken-burns--in\" role=\"img\"><\/div><div class=\"elementor-background-overlay\"><\/div><div class=\"swiper-slide-inner\" ><div class=\"swiper-slide-contents\"><div class=\"elementor-slide-heading\">Dosatak\u00ae Dosificador de l\u00edquidos volum\u00e9trico<\/div><a href=\"https:\/\/agriproducts.com.pe\/contacto\/index.php\/dosatak\/\" class=\"elementor-button elementor-slide-button elementor-size-sm\">+ INFO<\/a><\/div><\/div><\/div><div class=\"elementor-repeater-item-78d8225 swiper-slide\" role=\"group\" aria-roledescription=\"slide\"><div class=\"swiper-slide-bg elementor-ken-burns elementor-ken-burns--in\" role=\"img\"><\/div><div class=\"elementor-background-overlay\"><\/div><div class=\"swiper-slide-inner\" ><div class=\"swiper-slide-contents\"><div class=\"elementor-slide-heading\">Hanna\u00ae Instruments Medidores Soluciones<\/div><a href=\"https:\/\/agriproducts.com.pe\/contacto\/index.php\/hanna\/\" class=\"elementor-button elementor-slide-button elementor-size-sm\">+ INFO<\/a><\/div><\/div><\/div>\t\t\t\t<\/div>\n\t\t\t\t\t\t\t\t\t\t\t\t\t\t\t<div class=\"elementor-swiper-button elementor-swiper-button-prev\" role=\"button\" tabindex=\"0\" aria-label=\"Previous slide\">\n\t\t\t\t\t\t\t<svg aria-hidden=\"true\" class=\"e-font-icon-svg e-eicon-chevron-left\" viewBox=\"0 0 1000 1000\" xmlns=\"http:\/\/www.w3.org\/2000\/svg\"><path d=\"M646 125C629 125 613 133 604 142L308 442C296 454 292 471 292 487 292 504 296 521 308 533L604 854C617 867 629 875 646 875 663 875 679 871 692 858 704 846 713 829 713 812 713 796 708 779 692 767L438 487 692 225C700 217 708 204 708 187 708 171 704 154 692 142 675 129 663 125 646 125Z\"><\/path><\/svg>\t\t\t\t\t\t<\/div>\n\t\t\t\t\t\t<div class=\"elementor-swiper-button elementor-swiper-button-next\" role=\"button\" tabindex=\"0\" aria-label=\"Next slide\">\n\t\t\t\t\t\t\t<svg aria-hidden=\"true\" class=\"e-font-icon-svg e-eicon-chevron-right\" viewBox=\"0 0 1000 1000\" xmlns=\"http:\/\/www.w3.org\/2000\/svg\"><path d=\"M696 533C708 521 713 504 713 487 713 471 708 454 696 446L400 146C388 133 375 125 354 125 338 125 325 129 313 142 300 154 292 171 292 187 292 204 296 221 308 233L563 492 304 771C292 783 288 800 288 817 288 833 296 850 308 863 321 871 338 875 354 875 371 875 388 867 400 854L696 533Z\"><\/path><\/svg>\t\t\t\t\t\t<\/div>\n\t\t\t\t\t\t\t\t\t\t\t\t\t\t\t\t\t<\/div>\n\t\t\t\t<\/div>\n\t\t\t\t\t\t\t\t<\/div>\n\t\t\t\t<\/div>\n\t\t\t\t<\/div>\n\t\t\t\t<\/div>\n\t\t","protected":false},"excerpt":{"rendered":"<p>Pollos BB inmunizados con vacunas de \u00faltima generaci\u00f3n T\u00edtulo de n\u00famero 0 A\u00d1OS DE EXPERIENCIA EN EL SECTOR AV\u00cdCOLA T\u00edtulo [&hellip;]<\/p>\n","protected":false},"author":1,"featured_media":0,"parent":0,"menu_order":0,"comment_status":"closed","ping_status":"closed","template":"","meta":{"site-sidebar-layout":"no-sidebar","site-content-layout":"","ast-site-content-layout":"full-width-container","site-content-style":"default","site-sidebar-style":"default","ast-global-header-display":"","ast-banner-title-visibility":"","ast-main-header-display":"","ast-hfb-above-header-display":"","ast-hfb-below-header-display":"","ast-hfb-mobile-header-display":"","site-post-title":"disabled","ast-breadcrumbs-content":"","ast-featured-img":"disabled","footer-sml-layout":"","theme-transparent-header-meta":"","adv-header-id-meta":"","stick-header-meta":"","header-above-stick-meta":"","header-main-stick-meta":"","header-below-stick-meta":"","astra-migrate-meta-layouts":"default","ast-page-background-enabled":"default","ast-page-background-meta":{"desktop":{"background-color":"var(--ast-global-color-5)","background-image":"","background-repeat":"repeat","background-position":"center center","background-size":"auto","background-attachment":"scroll","background-type":"","background-media":"","overlay-type":"","overlay-color":"","overlay-opacity":"","overlay-gradient":""},"tablet":{"background-color":"","background-image":"","background-repeat":"repeat","background-position":"center center","background-size":"auto","background-attachment":"scroll","background-type":"","background-media":"","overlay-type":"","overlay-color":"","overlay-opacity":"","overlay-gradient":""},"mobile":{"background-color":"","background-image":"","background-repeat":"repeat","background-position":"center center","background-size":"auto","background-attachment":"scroll","background-type":"","background-media":"","overlay-type":"","overlay-color":"","overlay-opacity":"","overlay-gradient":""}},"ast-content-background-meta":{"desktop":{"background-color":"var(--ast-global-color-4)","background-image":"","background-repeat":"repeat","background-position":"center center","background-size":"auto","background-attachment":"scroll","background-type":"","background-media":"","overlay-type":"","overlay-color":"","overlay-opacity":"","overlay-gradient":""},"tablet":{"background-color":"var(--ast-global-color-4)","background-image":"","background-repeat":"repeat","background-position":"center center","background-size":"auto","background-attachment":"scroll","background-type":"","background-media":"","overlay-type":"","overlay-color":"","overlay-opacity":"","overlay-gradient":""},"mobile":{"background-color":"var(--ast-global-color-4)","background-image":"","background-repeat":"repeat","background-position":"center center","background-size":"auto","background-attachment":"scroll","background-type":"","background-media":"","overlay-type":"","overlay-color":"","overlay-opacity":"","overlay-gradient":""}},"footnotes":""},"class_list":["post-10","page","type-page","status-publish","hentry"],"yoast_head":"<!-- This site is optimized with the Yoast SEO plugin v27.6 - https:\/\/yoast.com\/product\/yoast-seo-wordpress\/ -->\n<title>Inicio - Agriproducts SAC<\/title>\n<meta name=\"description\" content=\"Somos una empresa con m\u00e1s de 25 a\u00f1os de experiencia en el sector Av\u00edcola, especializados en incubaci\u00f3n de huevos f\u00e9rtiles, venta de pollos BB de carne y distribuci\u00f3n de N\u00facleos Nutricionales\" \/>\n<meta name=\"robots\" content=\"index, follow, max-snippet:-1, max-image-preview:large, max-video-preview:-1\" \/>\n<link rel=\"canonical\" href=\"https:\/\/agriproducts.com.pe\/contacto\/\" \/>\n<meta property=\"og:locale\" content=\"es_ES\" \/>\n<meta property=\"og:type\" content=\"article\" \/>\n<meta property=\"og:title\" content=\"Inicio - Agriproducts SAC\" \/>\n<meta property=\"og:description\" content=\"Somos una empresa con m\u00e1s de 25 a\u00f1os de experiencia en el sector Av\u00edcola, especializados en incubaci\u00f3n de huevos f\u00e9rtiles, venta de pollos BB de carne y distribuci\u00f3n de N\u00facleos Nutricionales\" \/>\n<meta property=\"og:url\" content=\"https:\/\/agriproducts.com.pe\/contacto\/\" \/>\n<meta property=\"og:site_name\" content=\"Agriproducts SAC\" \/>\n<meta property=\"article:modified_time\" content=\"2025-04-22T03:39:07+00:00\" \/>\n<meta name=\"twitter:card\" content=\"summary_large_image\" \/>\n<meta name=\"twitter:label1\" content=\"Tiempo de lectura\" \/>\n\t<meta name=\"twitter:data1\" content=\"1 minuto\" \/>\n<script type=\"application\/ld+json\" class=\"yoast-schema-graph\">{\"@context\":\"https:\\\/\\\/schema.org\",\"@graph\":[{\"@type\":\"WebPage\",\"@id\":\"https:\\\/\\\/agriproducts.com.pe\\\/contacto\\\/\",\"url\":\"https:\\\/\\\/agriproducts.com.pe\\\/contacto\\\/\",\"name\":\"Inicio - Agriproducts SAC\",\"isPartOf\":{\"@id\":\"https:\\\/\\\/agriproducts.com.pe\\\/contacto\\\/#website\"},\"datePublished\":\"2025-04-05T23:16:23+00:00\",\"dateModified\":\"2025-04-22T03:39:07+00:00\",\"description\":\"Somos una empresa con m\u00e1s de 25 a\u00f1os de experiencia en el sector Av\u00edcola, especializados en incubaci\u00f3n de huevos f\u00e9rtiles, venta de pollos BB de carne y distribuci\u00f3n de N\u00facleos Nutricionales\",\"breadcrumb\":{\"@id\":\"https:\\\/\\\/agriproducts.com.pe\\\/contacto\\\/#breadcrumb\"},\"inLanguage\":\"es\",\"potentialAction\":[{\"@type\":\"ReadAction\",\"target\":[\"https:\\\/\\\/agriproducts.com.pe\\\/contacto\\\/\"]}]},{\"@type\":\"BreadcrumbList\",\"@id\":\"https:\\\/\\\/agriproducts.com.pe\\\/contacto\\\/#breadcrumb\",\"itemListElement\":[{\"@type\":\"ListItem\",\"position\":1,\"name\":\"Portada\",\"item\":\"https:\\\/\\\/agriproducts.com.pe\\\/contacto\\\/\"},{\"@type\":\"ListItem\",\"position\":2,\"name\":\"Inicio\"}]},{\"@type\":\"WebSite\",\"@id\":\"https:\\\/\\\/agriproducts.com.pe\\\/contacto\\\/#website\",\"url\":\"https:\\\/\\\/agriproducts.com.pe\\\/contacto\\\/\",\"name\":\"Agriproducts SAC\",\"description\":\"\",\"potentialAction\":[{\"@type\":\"SearchAction\",\"target\":{\"@type\":\"EntryPoint\",\"urlTemplate\":\"https:\\\/\\\/agriproducts.com.pe\\\/contacto\\\/?s={search_term_string}\"},\"query-input\":{\"@type\":\"PropertyValueSpecification\",\"valueRequired\":true,\"valueName\":\"search_term_string\"}}],\"inLanguage\":\"es\"}]}<\/script>\n<!-- \/ Yoast SEO plugin. -->","yoast_head_json":{"title":"Inicio - Agriproducts SAC","description":"Somos una empresa con m\u00e1s de 25 a\u00f1os de experiencia en el sector Av\u00edcola, especializados en incubaci\u00f3n de huevos f\u00e9rtiles, venta de pollos BB de carne y distribuci\u00f3n de N\u00facleos Nutricionales","robots":{"index":"index","follow":"follow","max-snippet":"max-snippet:-1","max-image-preview":"max-image-preview:large","max-video-preview":"max-video-preview:-1"},"canonical":"https:\/\/agriproducts.com.pe\/contacto\/","og_locale":"es_ES","og_type":"article","og_title":"Inicio - Agriproducts SAC","og_description":"Somos una empresa con m\u00e1s de 25 a\u00f1os de experiencia en el sector Av\u00edcola, especializados en incubaci\u00f3n de huevos f\u00e9rtiles, venta de pollos BB de carne y distribuci\u00f3n de N\u00facleos Nutricionales","og_url":"https:\/\/agriproducts.com.pe\/contacto\/","og_site_name":"Agriproducts SAC","article_modified_time":"2025-04-22T03:39:07+00:00","twitter_card":"summary_large_image","twitter_misc":{"Tiempo de lectura":"1 minuto"},"schema":{"@context":"https:\/\/schema.org","@graph":[{"@type":"WebPage","@id":"https:\/\/agriproducts.com.pe\/contacto\/","url":"https:\/\/agriproducts.com.pe\/contacto\/","name":"Inicio - Agriproducts SAC","isPartOf":{"@id":"https:\/\/agriproducts.com.pe\/contacto\/#website"},"datePublished":"2025-04-05T23:16:23+00:00","dateModified":"2025-04-22T03:39:07+00:00","description":"Somos una empresa con m\u00e1s de 25 a\u00f1os de experiencia en el sector Av\u00edcola, especializados en incubaci\u00f3n de huevos f\u00e9rtiles, venta de pollos BB de carne y distribuci\u00f3n de N\u00facleos Nutricionales","breadcrumb":{"@id":"https:\/\/agriproducts.com.pe\/contacto\/#breadcrumb"},"inLanguage":"es","potentialAction":[{"@type":"ReadAction","target":["https:\/\/agriproducts.com.pe\/contacto\/"]}]},{"@type":"BreadcrumbList","@id":"https:\/\/agriproducts.com.pe\/contacto\/#breadcrumb","itemListElement":[{"@type":"ListItem","position":1,"name":"Portada","item":"https:\/\/agriproducts.com.pe\/contacto\/"},{"@type":"ListItem","position":2,"name":"Inicio"}]},{"@type":"WebSite","@id":"https:\/\/agriproducts.com.pe\/contacto\/#website","url":"https:\/\/agriproducts.com.pe\/contacto\/","name":"Agriproducts SAC","description":"","potentialAction":[{"@type":"SearchAction","target":{"@type":"EntryPoint","urlTemplate":"https:\/\/agriproducts.com.pe\/contacto\/?s={search_term_string}"},"query-input":{"@type":"PropertyValueSpecification","valueRequired":true,"valueName":"search_term_string"}}],"inLanguage":"es"}]}},"_links":{"self":[{"href":"https:\/\/agriproducts.com.pe\/contacto\/index.php\/wp-json\/wp\/v2\/pages\/10","targetHints":{"allow":["GET"]}}],"collection":[{"href":"https:\/\/agriproducts.com.pe\/contacto\/index.php\/wp-json\/wp\/v2\/pages"}],"about":[{"href":"https:\/\/agriproducts.com.pe\/contacto\/index.php\/wp-json\/wp\/v2\/types\/page"}],"author":[{"embeddable":true,"href":"https:\/\/agriproducts.com.pe\/contacto\/index.php\/wp-json\/wp\/v2\/users\/1"}],"replies":[{"embeddable":true,"href":"https:\/\/agriproducts.com.pe\/contacto\/index.php\/wp-json\/wp\/v2\/comments?post=10"}],"version-history":[{"count":106,"href":"https:\/\/agriproducts.com.pe\/contacto\/index.php\/wp-json\/wp\/v2\/pages\/10\/revisions"}],"predecessor-version":[{"id":669,"href":"https:\/\/agriproducts.com.pe\/contacto\/index.php\/wp-json\/wp\/v2\/pages\/10\/revisions\/669"}],"wp:attachment":[{"href":"https:\/\/agriproducts.com.pe\/contacto\/index.php\/wp-json\/wp\/v2\/media?parent=10"}],"curies":[{"name":"wp","href":"https:\/\/api.w.org\/{rel}","templated":true}]}}