{"id":101,"date":"2025-04-06T05:15:42","date_gmt":"2025-04-06T03:15:42","guid":{"rendered":"https:\/\/agriproducts.com.pe\/contacto\/?page_id=101"},"modified":"2025-04-14T22:57:21","modified_gmt":"2025-04-14T20:57:21","slug":"nosotros","status":"publish","type":"page","link":"https:\/\/agriproducts.com.pe\/contacto\/index.php\/nosotros\/","title":{"rendered":"Nosotros"},"content":{"rendered":"\t\t<div data-elementor-type=\"wp-page\" data-elementor-id=\"101\" class=\"elementor elementor-101\" data-elementor-post-type=\"page\">\n\t\t\t\t<div class=\"elementor-element elementor-element-3012f3b3 e-flex e-con-boxed e-con e-parent\" data-id=\"3012f3b3\" data-element_type=\"container\" data-e-type=\"container\">\n\t\t\t\t\t<div class=\"e-con-inner\">\n\t\t\t\t<div class=\"elementor-element elementor-element-194b0c64 elementor-invisible elementor-widget elementor-widget-heading\" data-id=\"194b0c64\" data-element_type=\"widget\" data-e-type=\"widget\" data-settings=\"{&quot;_animation&quot;:&quot;fadeInDown&quot;,&quot;_animation_delay&quot;:200}\" data-widget_type=\"heading.default\">\n\t\t\t\t<div class=\"elementor-widget-container\">\n\t\t\t\t\t<h2 class=\"elementor-heading-title elementor-size-default\">Sobre<br>\nnosotros<\/h2>\t\t\t\t<\/div>\n\t\t\t\t<\/div>\n\t\t\t\t\t<\/div>\n\t\t\t\t<\/div>\n\t\t<div class=\"elementor-element elementor-element-69c8f761 e-flex e-con-boxed e-con e-parent\" data-id=\"69c8f761\" data-element_type=\"container\" data-e-type=\"container\" data-settings=\"{&quot;background_background&quot;:&quot;classic&quot;}\">\n\t\t\t\t\t<div class=\"e-con-inner\">\n\t\t\t\t<div class=\"elementor-element elementor-element-f3f5ea elementor-invisible elementor-widget elementor-widget-heading\" data-id=\"f3f5ea\" data-element_type=\"widget\" data-e-type=\"widget\" data-settings=\"{&quot;_animation&quot;:&quot;fadeInUp&quot;,&quot;_animation_delay&quot;:200}\" data-widget_type=\"heading.default\">\n\t\t\t\t<div class=\"elementor-widget-container\">\n\t\t\t\t\t<h2 class=\"elementor-heading-title elementor-size-default\">Agriproducts<br>\nSAC<\/h2>\t\t\t\t<\/div>\n\t\t\t\t<\/div>\n\t\t\t\t\t<\/div>\n\t\t\t\t<\/div>\n\t\t<div class=\"elementor-element elementor-element-7f11b0a8 e-flex e-con-boxed e-con e-parent\" data-id=\"7f11b0a8\" data-element_type=\"container\" data-e-type=\"container\">\n\t\t\t\t\t<div class=\"e-con-inner\">\n\t\t<div class=\"elementor-element elementor-element-8340ca9 e-con-full e-flex e-con e-child\" data-id=\"8340ca9\" data-element_type=\"container\" data-e-type=\"container\">\n\t\t\t\t<div class=\"elementor-element elementor-element-3d2a2812 elementor-widget elementor-widget-heading\" data-id=\"3d2a2812\" data-element_type=\"widget\" data-e-type=\"widget\" data-widget_type=\"heading.default\">\n\t\t\t\t<div class=\"elementor-widget-container\">\n\t\t\t\t\t<h2 class=\"elementor-heading-title elementor-size-default\">Los pollos BB que producimos son inmunizados con vacunas de \u00faltima generaci\u00f3n aplicadas en nuestra planta de incubaci\u00f3n.<\/h2>\t\t\t\t<\/div>\n\t\t\t\t<\/div>\n\t\t\t\t<\/div>\n\t\t<div class=\"elementor-element elementor-element-56238e67 e-con-full e-flex e-con e-child\" data-id=\"56238e67\" data-element_type=\"container\" data-e-type=\"container\">\n\t\t\t\t<div class=\"elementor-element elementor-element-263f053b elementor-widget elementor-widget-text-editor\" data-id=\"263f053b\" data-element_type=\"widget\" data-e-type=\"widget\" data-widget_type=\"text-editor.default\">\n\t\t\t\t<div class=\"elementor-widget-container\">\n\t\t\t\t\t\t\t\t\t<div class=\"wpb_column vc_column_container vc_col-sm-6\"><div class=\"vc_column-inner\"><div class=\"wpb_wrapper\"><div class=\"wpb_text_column wpb_content_element\"><div class=\"wpb_wrapper\"><div class=\"wpb_text_column wpb_content_element\"><div class=\"wpb_wrapper\"><p><strong>Somos una empresa con m\u00e1s de 25 a\u00f1os de experiencia en el sector Av\u00edcola, especializados en incubaci\u00f3n de huevos f\u00e9rtiles, venta de pollos BB de carne y distribuci\u00f3n de N\u00facleos Nutricionales.<\/strong><\/p><p class=\"font_8\">Asimismo, contamos con un staff de profesionales dedicados a brindar capacitaci\u00f3n t\u00e9cnica a nuestros clientes en los exigentes procesos relacionados con la eficiencia productiva de carne de pollo de calidad.<\/p><p class=\"font_8\">Somos conscientes de los grandes desaf\u00edos que atraviesa hoy un productor av\u00edcola en lograr una \u00f3ptima conversi\u00f3n alimenticia al menor costo, por ello nos capacitamos constantemente y buscamos trabajar con la mejor l\u00ednea gen\u00e9tica del mercado, vacunas de \u00faltima generaci\u00f3n y n\u00facleos nutricionales.<\/p><p>Somos distribuidores de N\u00facleos Nutricionales DSM para pollos de Carne y Gallinas de Postura.<\/p><\/div><\/div><\/div><\/div><\/div><\/div><\/div>\t\t\t\t\t\t\t\t<\/div>\n\t\t\t\t<\/div>\n\t\t\t\t<\/div>\n\t\t\t\t\t<\/div>\n\t\t\t\t<\/div>\n\t\t<div class=\"elementor-element elementor-element-c732ba5 e-flex e-con-boxed e-con e-parent\" data-id=\"c732ba5\" data-element_type=\"container\" data-e-type=\"container\">\n\t\t\t\t\t<div class=\"e-con-inner\">\n\t\t\t\t<div class=\"elementor-element elementor-element-0af13ff elementor-invisible elementor-widget elementor-widget-image\" data-id=\"0af13ff\" data-element_type=\"widget\" data-e-type=\"widget\" data-settings=\"{&quot;_animation&quot;:&quot;fadeIn&quot;}\" data-widget_type=\"image.default\">\n\t\t\t\t<div class=\"elementor-widget-container\">\n\t\t\t\t\t\t\t\t\t\t\t\t\t\t\t<img fetchpriority=\"high\" decoding=\"async\" width=\"1024\" height=\"559\" src=\"https:\/\/agriproducts.com.pe\/contacto\/wp-content\/uploads\/2025\/04\/nosotros_agri-1024x559.jpg\" class=\"attachment-large size-large wp-image-609\" alt=\"\" srcset=\"https:\/\/agriproducts.com.pe\/contacto\/wp-content\/uploads\/2025\/04\/nosotros_agri-1024x559.jpg 1024w, https:\/\/agriproducts.com.pe\/contacto\/wp-content\/uploads\/2025\/04\/nosotros_agri-300x164.jpg 300w, https:\/\/agriproducts.com.pe\/contacto\/wp-content\/uploads\/2025\/04\/nosotros_agri-768x419.jpg 768w, https:\/\/agriproducts.com.pe\/contacto\/wp-content\/uploads\/2025\/04\/nosotros_agri-1536x838.jpg 1536w, https:\/\/agriproducts.com.pe\/contacto\/wp-content\/uploads\/2025\/04\/nosotros_agri.jpg 1980w\" sizes=\"(max-width: 1024px) 100vw, 1024px\" \/>\t\t\t\t\t\t\t\t\t\t\t\t\t\t\t<\/div>\n\t\t\t\t<\/div>\n\t\t\t\t\t<\/div>\n\t\t\t\t<\/div>\n\t\t\t\t<\/div>\n\t\t","protected":false},"excerpt":{"rendered":"<p>Sobre nosotros Agriproducts SAC Los pollos BB que producimos son inmunizados con vacunas de \u00faltima generaci\u00f3n aplicadas en nuestra planta [&hellip;]<\/p>\n","protected":false},"author":1,"featured_media":103,"parent":0,"menu_order":0,"comment_status":"closed","ping_status":"closed","template":"","meta":{"site-sidebar-layout":"no-sidebar","site-content-layout":"","ast-site-content-layout":"full-width-container","site-content-style":"default","site-sidebar-style":"default","ast-global-header-display":"","ast-banner-title-visibility":"","ast-main-header-display":"","ast-hfb-above-header-display":"","ast-hfb-below-header-display":"","ast-hfb-mobile-header-display":"","site-post-title":"disabled","ast-breadcrumbs-content":"","ast-featured-img":"disabled","footer-sml-layout":"","theme-transparent-header-meta":"","adv-header-id-meta":"","stick-header-meta":"","header-above-stick-meta":"","header-main-stick-meta":"","header-below-stick-meta":"","astra-migrate-meta-layouts":"default","ast-page-background-enabled":"default","ast-page-background-meta":{"desktop":{"background-color":"var(--ast-global-color-5)","background-image":"","background-repeat":"repeat","background-position":"center center","background-size":"auto","background-attachment":"scroll","background-type":"","background-media":"","overlay-type":"","overlay-color":"","overlay-opacity":"","overlay-gradient":""},"tablet":{"background-color":"","background-image":"","background-repeat":"repeat","background-position":"center center","background-size":"auto","background-attachment":"scroll","background-type":"","background-media":"","overlay-type":"","overlay-color":"","overlay-opacity":"","overlay-gradient":""},"mobile":{"background-color":"","background-image":"","background-repeat":"repeat","background-position":"center center","background-size":"auto","background-attachment":"scroll","background-type":"","background-media":"","overlay-type":"","overlay-color":"","overlay-opacity":"","overlay-gradient":""}},"ast-content-background-meta":{"desktop":{"background-color":"var(--ast-global-color-4)","background-image":"","background-repeat":"repeat","background-position":"center center","background-size":"auto","background-attachment":"scroll","background-type":"","background-media":"","overlay-type":"","overlay-color":"","overlay-opacity":"","overlay-gradient":""},"tablet":{"background-color":"var(--ast-global-color-4)","background-image":"","background-repeat":"repeat","background-position":"center center","background-size":"auto","background-attachment":"scroll","background-type":"","background-media":"","overlay-type":"","overlay-color":"","overlay-opacity":"","overlay-gradient":""},"mobile":{"background-color":"var(--ast-global-color-4)","background-image":"","background-repeat":"repeat","background-position":"center center","background-size":"auto","background-attachment":"scroll","background-type":"","background-media":"","overlay-type":"","overlay-color":"","overlay-opacity":"","overlay-gradient":""}},"footnotes":""},"class_list":["post-101","page","type-page","status-publish","has-post-thumbnail","hentry"],"yoast_head":"<!-- This site is optimized with the Yoast SEO plugin v27.6 - https:\/\/yoast.com\/product\/yoast-seo-wordpress\/ -->\n<title>Nosotros - Agriproducts SAC<\/title>\n<meta name=\"description\" content=\"Somos una empresa con m\u00e1s de 25 a\u00f1os de experiencia en el sector Av\u00edcola, especializados en incubaci\u00f3n de huevos f\u00e9rtiles, venta de pollos BB de carne y distribuci\u00f3n de N\u00facleos Nutricionales.\" \/>\n<meta name=\"robots\" content=\"index, follow, max-snippet:-1, max-image-preview:large, max-video-preview:-1\" \/>\n<link rel=\"canonical\" href=\"https:\/\/agriproducts.com.pe\/contacto\/index.php\/nosotros\/\" \/>\n<meta property=\"og:locale\" content=\"es_ES\" \/>\n<meta property=\"og:type\" content=\"article\" \/>\n<meta property=\"og:title\" content=\"Nosotros - Agriproducts SAC\" \/>\n<meta property=\"og:description\" content=\"Somos una empresa con m\u00e1s de 25 a\u00f1os de experiencia en el sector Av\u00edcola, especializados en incubaci\u00f3n de huevos f\u00e9rtiles, venta de pollos BB de carne y distribuci\u00f3n de N\u00facleos Nutricionales.\" \/>\n<meta property=\"og:url\" content=\"https:\/\/agriproducts.com.pe\/contacto\/index.php\/nosotros\/\" \/>\n<meta property=\"og:site_name\" content=\"Agriproducts SAC\" \/>\n<meta property=\"article:modified_time\" content=\"2025-04-14T20:57:21+00:00\" \/>\n<meta property=\"og:image\" content=\"https:\/\/agriproducts.com.pe\/contacto\/wp-content\/uploads\/2025\/04\/destacada.png\" \/>\n\t<meta property=\"og:image:width\" content=\"57\" \/>\n\t<meta property=\"og:image:height\" content=\"89\" \/>\n\t<meta property=\"og:image:type\" content=\"image\/png\" \/>\n<meta name=\"twitter:card\" content=\"summary_large_image\" \/>\n<meta name=\"twitter:label1\" content=\"Tiempo de lectura\" \/>\n\t<meta name=\"twitter:data1\" content=\"1 minuto\" \/>\n<script type=\"application\/ld+json\" class=\"yoast-schema-graph\">{\"@context\":\"https:\\\/\\\/schema.org\",\"@graph\":[{\"@type\":\"WebPage\",\"@id\":\"https:\\\/\\\/agriproducts.com.pe\\\/contacto\\\/index.php\\\/nosotros\\\/\",\"url\":\"https:\\\/\\\/agriproducts.com.pe\\\/contacto\\\/index.php\\\/nosotros\\\/\",\"name\":\"Nosotros - Agriproducts SAC\",\"isPartOf\":{\"@id\":\"https:\\\/\\\/agriproducts.com.pe\\\/contacto\\\/#website\"},\"primaryImageOfPage\":{\"@id\":\"https:\\\/\\\/agriproducts.com.pe\\\/contacto\\\/index.php\\\/nosotros\\\/#primaryimage\"},\"image\":{\"@id\":\"https:\\\/\\\/agriproducts.com.pe\\\/contacto\\\/index.php\\\/nosotros\\\/#primaryimage\"},\"thumbnailUrl\":\"https:\\\/\\\/agriproducts.com.pe\\\/contacto\\\/wp-content\\\/uploads\\\/2025\\\/04\\\/destacada.png\",\"datePublished\":\"2025-04-06T03:15:42+00:00\",\"dateModified\":\"2025-04-14T20:57:21+00:00\",\"description\":\"Somos una empresa con m\u00e1s de 25 a\u00f1os de experiencia en el sector Av\u00edcola, especializados en incubaci\u00f3n de huevos f\u00e9rtiles, venta de pollos BB de carne y distribuci\u00f3n de N\u00facleos Nutricionales.\",\"breadcrumb\":{\"@id\":\"https:\\\/\\\/agriproducts.com.pe\\\/contacto\\\/index.php\\\/nosotros\\\/#breadcrumb\"},\"inLanguage\":\"es\",\"potentialAction\":[{\"@type\":\"ReadAction\",\"target\":[\"https:\\\/\\\/agriproducts.com.pe\\\/contacto\\\/index.php\\\/nosotros\\\/\"]}]},{\"@type\":\"ImageObject\",\"inLanguage\":\"es\",\"@id\":\"https:\\\/\\\/agriproducts.com.pe\\\/contacto\\\/index.php\\\/nosotros\\\/#primaryimage\",\"url\":\"https:\\\/\\\/agriproducts.com.pe\\\/contacto\\\/wp-content\\\/uploads\\\/2025\\\/04\\\/destacada.png\",\"contentUrl\":\"https:\\\/\\\/agriproducts.com.pe\\\/contacto\\\/wp-content\\\/uploads\\\/2025\\\/04\\\/destacada.png\",\"width\":57,\"height\":89},{\"@type\":\"BreadcrumbList\",\"@id\":\"https:\\\/\\\/agriproducts.com.pe\\\/contacto\\\/index.php\\\/nosotros\\\/#breadcrumb\",\"itemListElement\":[{\"@type\":\"ListItem\",\"position\":1,\"name\":\"Portada\",\"item\":\"https:\\\/\\\/agriproducts.com.pe\\\/contacto\\\/\"},{\"@type\":\"ListItem\",\"position\":2,\"name\":\"Nosotros\"}]},{\"@type\":\"WebSite\",\"@id\":\"https:\\\/\\\/agriproducts.com.pe\\\/contacto\\\/#website\",\"url\":\"https:\\\/\\\/agriproducts.com.pe\\\/contacto\\\/\",\"name\":\"Agriproducts SAC\",\"description\":\"\",\"potentialAction\":[{\"@type\":\"SearchAction\",\"target\":{\"@type\":\"EntryPoint\",\"urlTemplate\":\"https:\\\/\\\/agriproducts.com.pe\\\/contacto\\\/?s={search_term_string}\"},\"query-input\":{\"@type\":\"PropertyValueSpecification\",\"valueRequired\":true,\"valueName\":\"search_term_string\"}}],\"inLanguage\":\"es\"}]}<\/script>\n<!-- \/ Yoast SEO plugin. -->","yoast_head_json":{"title":"Nosotros - Agriproducts SAC","description":"Somos una empresa con m\u00e1s de 25 a\u00f1os de experiencia en el sector Av\u00edcola, especializados en incubaci\u00f3n de huevos f\u00e9rtiles, venta de pollos BB de carne y distribuci\u00f3n de N\u00facleos Nutricionales.","robots":{"index":"index","follow":"follow","max-snippet":"max-snippet:-1","max-image-preview":"max-image-preview:large","max-video-preview":"max-video-preview:-1"},"canonical":"https:\/\/agriproducts.com.pe\/contacto\/index.php\/nosotros\/","og_locale":"es_ES","og_type":"article","og_title":"Nosotros - Agriproducts SAC","og_description":"Somos una empresa con m\u00e1s de 25 a\u00f1os de experiencia en el sector Av\u00edcola, especializados en incubaci\u00f3n de huevos f\u00e9rtiles, venta de pollos BB de carne y distribuci\u00f3n de N\u00facleos Nutricionales.","og_url":"https:\/\/agriproducts.com.pe\/contacto\/index.php\/nosotros\/","og_site_name":"Agriproducts SAC","article_modified_time":"2025-04-14T20:57:21+00:00","og_image":[{"width":57,"height":89,"url":"https:\/\/agriproducts.com.pe\/contacto\/wp-content\/uploads\/2025\/04\/destacada.png","type":"image\/png"}],"twitter_card":"summary_large_image","twitter_misc":{"Tiempo de lectura":"1 minuto"},"schema":{"@context":"https:\/\/schema.org","@graph":[{"@type":"WebPage","@id":"https:\/\/agriproducts.com.pe\/contacto\/index.php\/nosotros\/","url":"https:\/\/agriproducts.com.pe\/contacto\/index.php\/nosotros\/","name":"Nosotros - Agriproducts SAC","isPartOf":{"@id":"https:\/\/agriproducts.com.pe\/contacto\/#website"},"primaryImageOfPage":{"@id":"https:\/\/agriproducts.com.pe\/contacto\/index.php\/nosotros\/#primaryimage"},"image":{"@id":"https:\/\/agriproducts.com.pe\/contacto\/index.php\/nosotros\/#primaryimage"},"thumbnailUrl":"https:\/\/agriproducts.com.pe\/contacto\/wp-content\/uploads\/2025\/04\/destacada.png","datePublished":"2025-04-06T03:15:42+00:00","dateModified":"2025-04-14T20:57:21+00:00","description":"Somos una empresa con m\u00e1s de 25 a\u00f1os de experiencia en el sector Av\u00edcola, especializados en incubaci\u00f3n de huevos f\u00e9rtiles, venta de pollos BB de carne y distribuci\u00f3n de N\u00facleos Nutricionales.","breadcrumb":{"@id":"https:\/\/agriproducts.com.pe\/contacto\/index.php\/nosotros\/#breadcrumb"},"inLanguage":"es","potentialAction":[{"@type":"ReadAction","target":["https:\/\/agriproducts.com.pe\/contacto\/index.php\/nosotros\/"]}]},{"@type":"ImageObject","inLanguage":"es","@id":"https:\/\/agriproducts.com.pe\/contacto\/index.php\/nosotros\/#primaryimage","url":"https:\/\/agriproducts.com.pe\/contacto\/wp-content\/uploads\/2025\/04\/destacada.png","contentUrl":"https:\/\/agriproducts.com.pe\/contacto\/wp-content\/uploads\/2025\/04\/destacada.png","width":57,"height":89},{"@type":"BreadcrumbList","@id":"https:\/\/agriproducts.com.pe\/contacto\/index.php\/nosotros\/#breadcrumb","itemListElement":[{"@type":"ListItem","position":1,"name":"Portada","item":"https:\/\/agriproducts.com.pe\/contacto\/"},{"@type":"ListItem","position":2,"name":"Nosotros"}]},{"@type":"WebSite","@id":"https:\/\/agriproducts.com.pe\/contacto\/#website","url":"https:\/\/agriproducts.com.pe\/contacto\/","name":"Agriproducts SAC","description":"","potentialAction":[{"@type":"SearchAction","target":{"@type":"EntryPoint","urlTemplate":"https:\/\/agriproducts.com.pe\/contacto\/?s={search_term_string}"},"query-input":{"@type":"PropertyValueSpecification","valueRequired":true,"valueName":"search_term_string"}}],"inLanguage":"es"}]}},"_links":{"self":[{"href":"https:\/\/agriproducts.com.pe\/contacto\/index.php\/wp-json\/wp\/v2\/pages\/101","targetHints":{"allow":["GET"]}}],"collection":[{"href":"https:\/\/agriproducts.com.pe\/contacto\/index.php\/wp-json\/wp\/v2\/pages"}],"about":[{"href":"https:\/\/agriproducts.com.pe\/contacto\/index.php\/wp-json\/wp\/v2\/types\/page"}],"author":[{"embeddable":true,"href":"https:\/\/agriproducts.com.pe\/contacto\/index.php\/wp-json\/wp\/v2\/users\/1"}],"replies":[{"embeddable":true,"href":"https:\/\/agriproducts.com.pe\/contacto\/index.php\/wp-json\/wp\/v2\/comments?post=101"}],"version-history":[{"count":22,"href":"https:\/\/agriproducts.com.pe\/contacto\/index.php\/wp-json\/wp\/v2\/pages\/101\/revisions"}],"predecessor-version":[{"id":612,"href":"https:\/\/agriproducts.com.pe\/contacto\/index.php\/wp-json\/wp\/v2\/pages\/101\/revisions\/612"}],"wp:featuredmedia":[{"embeddable":true,"href":"https:\/\/agriproducts.com.pe\/contacto\/index.php\/wp-json\/wp\/v2\/media\/103"}],"wp:attachment":[{"href":"https:\/\/agriproducts.com.pe\/contacto\/index.php\/wp-json\/wp\/v2\/media?parent=101"}],"curies":[{"name":"wp","href":"https:\/\/api.w.org\/{rel}","templated":true}]}}