{"id":19,"date":"2025-04-06T01:22:49","date_gmt":"2025-04-05T23:22:49","guid":{"rendered":"https:\/\/agriproducts.com.pe\/contacto\/?page_id=19"},"modified":"2025-04-10T22:26:07","modified_gmt":"2025-04-10T20:26:07","slug":"pollos-bb","status":"publish","type":"page","link":"https:\/\/agriproducts.com.pe\/contacto\/index.php\/pollos-bb\/","title":{"rendered":"Pollos BB"},"content":{"rendered":"\t\t<div data-elementor-type=\"wp-page\" data-elementor-id=\"19\" class=\"elementor elementor-19\" data-elementor-post-type=\"page\">\n\t\t\t\t<div class=\"elementor-element elementor-element-06b7cac e-flex e-con-boxed e-con e-parent\" data-id=\"06b7cac\" data-element_type=\"container\" data-e-type=\"container\">\n\t\t\t\t\t<div class=\"e-con-inner\">\n\t\t\t\t<div class=\"elementor-element elementor-element-0675af7 elementor-invisible elementor-widget elementor-widget-heading\" data-id=\"0675af7\" data-element_type=\"widget\" data-e-type=\"widget\" data-settings=\"{&quot;_animation&quot;:&quot;fadeInDown&quot;,&quot;_animation_delay&quot;:200}\" data-widget_type=\"heading.default\">\n\t\t\t\t<div class=\"elementor-widget-container\">\n\t\t\t\t\t<h2 class=\"elementor-heading-title elementor-size-default\">Pollo BB<br>\nde la l\u00ednea<\/h2>\t\t\t\t<\/div>\n\t\t\t\t<\/div>\n\t\t\t\t\t<\/div>\n\t\t\t\t<\/div>\n\t\t<div class=\"elementor-element elementor-element-4b3bed0 e-flex e-con-boxed e-con e-parent\" data-id=\"4b3bed0\" data-element_type=\"container\" data-e-type=\"container\" data-settings=\"{&quot;background_background&quot;:&quot;classic&quot;}\">\n\t\t\t\t\t<div class=\"e-con-inner\">\n\t\t\t\t<div class=\"elementor-element elementor-element-1b4c537 elementor-invisible elementor-widget elementor-widget-heading\" data-id=\"1b4c537\" data-element_type=\"widget\" data-e-type=\"widget\" data-settings=\"{&quot;_animation&quot;:&quot;fadeInUp&quot;,&quot;_animation_delay&quot;:200}\" data-widget_type=\"heading.default\">\n\t\t\t\t<div class=\"elementor-widget-container\">\n\t\t\t\t\t<h2 class=\"elementor-heading-title elementor-size-default\">Gen\u00e9tica<br>\nCOBB 500\u00ae<\/h2>\t\t\t\t<\/div>\n\t\t\t\t<\/div>\n\t\t\t\t\t<\/div>\n\t\t\t\t<\/div>\n\t\t<div class=\"elementor-element elementor-element-8316bac e-flex e-con-boxed e-con e-parent\" data-id=\"8316bac\" data-element_type=\"container\" data-e-type=\"container\">\n\t\t\t\t\t<div class=\"e-con-inner\">\n\t\t<div class=\"elementor-element elementor-element-4c6eca0 e-con-full e-flex e-con e-child\" data-id=\"4c6eca0\" data-element_type=\"container\" data-e-type=\"container\">\n\t\t\t\t<div class=\"elementor-element elementor-element-185bf62 elementor-widget elementor-widget-heading\" data-id=\"185bf62\" data-element_type=\"widget\" data-e-type=\"widget\" data-widget_type=\"heading.default\">\n\t\t\t\t<div class=\"elementor-widget-container\">\n\t\t\t\t\t<h2 class=\"elementor-heading-title elementor-size-default\">Con el mejor plan vacunal del mercado y env\u00edos a Lima y Provincias.<\/h2>\t\t\t\t<\/div>\n\t\t\t\t<\/div>\n\t\t\t\t<\/div>\n\t\t<div class=\"elementor-element elementor-element-30e97bf e-con-full e-flex e-con e-child\" data-id=\"30e97bf\" data-element_type=\"container\" data-e-type=\"container\">\n\t\t\t\t<div class=\"elementor-element elementor-element-b14d224 elementor-widget elementor-widget-text-editor\" data-id=\"b14d224\" data-element_type=\"widget\" data-e-type=\"widget\" data-widget_type=\"text-editor.default\">\n\t\t\t\t<div class=\"elementor-widget-container\">\n\t\t\t\t\t\t\t\t\t<div class=\"wpb_column vc_column_container vc_col-sm-6\"><div class=\"vc_column-inner\"><div class=\"wpb_wrapper\"><div class=\"wpb_text_column wpb_content_element\"><div class=\"wpb_wrapper\"><div class=\"wpb_text_column wpb_content_element\"><div class=\"wpb_wrapper\"><p class=\"font_7\">Contamos con la mejor gen\u00e9tica de pollo BB pues el huevo f\u00e9rtil que incubamos en nuestros procesos proviene de una de las empresas m\u00e1s s\u00f3lidas, tecnificadas e importantes del Per\u00fa.<\/p><p class=\"font_7\">Nuestros pollos BB Cobb 500\u00ae son transportados en camiones acondicionados, garantizando su llegada a tiempo y en buen estado. Asimismo, son sexados, vacunados y rigurosamente seleccionados en nuestra planta incubadora.<\/p><p class=\"font_7\">Hacemos env\u00edos a todo el Per\u00fa. Adem\u00e1s, para viajes largos a provincia, administramos un complejo vitam\u00ednico en las cajas, el cual es consumido por el pollo BB hasta su llegada a la granja, evitando problemas de deshidrataci\u00f3n, p\u00e9rdida excesiva de peso o estr\u00e9s por el transporte.<\/p><\/div><\/div><\/div><\/div><\/div><\/div><\/div>\t\t\t\t\t\t\t\t<\/div>\n\t\t\t\t<\/div>\n\t\t\t\t<div class=\"elementor-element elementor-element-eb77dce elementor-widget elementor-widget-button\" data-id=\"eb77dce\" data-element_type=\"widget\" data-e-type=\"widget\" data-widget_type=\"button.default\">\n\t\t\t\t<div class=\"elementor-widget-container\">\n\t\t\t\t\t\t\t\t\t<div class=\"elementor-button-wrapper\">\n\t\t\t\t\t<a class=\"elementor-button elementor-button-link elementor-size-sm\" href=\"https:\/\/agriproducts.com.pe\/contacto\/wp-content\/uploads\/2025\/04\/plan_vacuna_pollobb2024.pdf\" target=\"_blank\">\n\t\t\t\t\t\t<span class=\"elementor-button-content-wrapper\">\n\t\t\t\t\t\t\t\t\t<span class=\"elementor-button-text\">Plan vacunal Pollo BB<\/span>\n\t\t\t\t\t<\/span>\n\t\t\t\t\t<\/a>\n\t\t\t\t<\/div>\n\t\t\t\t\t\t\t\t<\/div>\n\t\t\t\t<\/div>\n\t\t\t\t<\/div>\n\t\t\t\t\t<\/div>\n\t\t\t\t<\/div>\n\t\t<div class=\"elementor-element elementor-element-b2a08bd e-flex e-con-boxed e-con e-parent\" data-id=\"b2a08bd\" data-element_type=\"container\" data-e-type=\"container\">\n\t\t\t\t\t<div class=\"e-con-inner\">\n\t\t<div class=\"elementor-element elementor-element-07b5eb4 e-con-full e-flex e-con e-child\" data-id=\"07b5eb4\" data-element_type=\"container\" data-e-type=\"container\">\n\t\t\t\t<div class=\"elementor-element elementor-element-705a85c animated-slow elementor-invisible elementor-widget elementor-widget-image\" data-id=\"705a85c\" data-element_type=\"widget\" data-e-type=\"widget\" data-settings=\"{&quot;_animation&quot;:&quot;fadeIn&quot;,&quot;_animation_delay&quot;:100}\" data-widget_type=\"image.default\">\n\t\t\t\t<div class=\"elementor-widget-container\">\n\t\t\t\t\t\t\t\t\t\t\t\t\t\t\t<img fetchpriority=\"high\" decoding=\"async\" width=\"540\" height=\"400\" src=\"https:\/\/agriproducts.com.pe\/contacto\/wp-content\/uploads\/2025\/04\/pollo_coob2.jpg\" class=\"attachment-large size-large wp-image-51\" alt=\"\" srcset=\"https:\/\/agriproducts.com.pe\/contacto\/wp-content\/uploads\/2025\/04\/pollo_coob2.jpg 540w, https:\/\/agriproducts.com.pe\/contacto\/wp-content\/uploads\/2025\/04\/pollo_coob2-300x222.jpg 300w\" sizes=\"(max-width: 540px) 100vw, 540px\" \/>\t\t\t\t\t\t\t\t\t\t\t\t\t\t\t<\/div>\n\t\t\t\t<\/div>\n\t\t\t\t<\/div>\n\t\t<div class=\"elementor-element elementor-element-a51ec02 e-con-full e-flex e-con e-child\" data-id=\"a51ec02\" data-element_type=\"container\" data-e-type=\"container\">\n\t\t\t\t<div class=\"elementor-element elementor-element-0691e4c animated-slow elementor-invisible elementor-widget elementor-widget-image\" data-id=\"0691e4c\" data-element_type=\"widget\" data-e-type=\"widget\" data-settings=\"{&quot;_animation&quot;:&quot;fadeIn&quot;,&quot;_animation_delay&quot;:200}\" data-widget_type=\"image.default\">\n\t\t\t\t<div class=\"elementor-widget-container\">\n\t\t\t\t\t\t\t\t\t\t\t\t\t\t\t<img decoding=\"async\" width=\"540\" height=\"400\" src=\"https:\/\/agriproducts.com.pe\/contacto\/wp-content\/uploads\/2025\/04\/pollo_coob3.jpg\" class=\"attachment-large size-large wp-image-52\" alt=\"\" srcset=\"https:\/\/agriproducts.com.pe\/contacto\/wp-content\/uploads\/2025\/04\/pollo_coob3.jpg 540w, https:\/\/agriproducts.com.pe\/contacto\/wp-content\/uploads\/2025\/04\/pollo_coob3-300x222.jpg 300w\" sizes=\"(max-width: 540px) 100vw, 540px\" \/>\t\t\t\t\t\t\t\t\t\t\t\t\t\t\t<\/div>\n\t\t\t\t<\/div>\n\t\t\t\t<\/div>\n\t\t<div class=\"elementor-element elementor-element-2e21ff1 e-con-full e-flex e-con e-child\" data-id=\"2e21ff1\" data-element_type=\"container\" data-e-type=\"container\">\n\t\t\t\t<div class=\"elementor-element elementor-element-9215f7a animated-slow elementor-invisible elementor-widget elementor-widget-image\" data-id=\"9215f7a\" data-element_type=\"widget\" data-e-type=\"widget\" data-settings=\"{&quot;_animation&quot;:&quot;fadeIn&quot;,&quot;_animation_delay&quot;:300}\" data-widget_type=\"image.default\">\n\t\t\t\t<div class=\"elementor-widget-container\">\n\t\t\t\t\t\t\t\t\t\t\t\t\t\t\t<img decoding=\"async\" width=\"540\" height=\"400\" src=\"https:\/\/agriproducts.com.pe\/contacto\/wp-content\/uploads\/2025\/04\/pollo_coob1.jpg\" class=\"attachment-large size-large wp-image-50\" alt=\"\" srcset=\"https:\/\/agriproducts.com.pe\/contacto\/wp-content\/uploads\/2025\/04\/pollo_coob1.jpg 540w, https:\/\/agriproducts.com.pe\/contacto\/wp-content\/uploads\/2025\/04\/pollo_coob1-300x222.jpg 300w\" sizes=\"(max-width: 540px) 100vw, 540px\" \/>\t\t\t\t\t\t\t\t\t\t\t\t\t\t\t<\/div>\n\t\t\t\t<\/div>\n\t\t\t\t<\/div>\n\t\t\t\t\t<\/div>\n\t\t\t\t<\/div>\n\t\t\t\t<\/div>\n\t\t","protected":false},"excerpt":{"rendered":"<p>Pollo BB de la l\u00ednea Gen\u00e9tica COBB 500\u00ae Con el mejor plan vacunal del mercado y env\u00edos a Lima y [&hellip;]<\/p>\n","protected":false},"author":1,"featured_media":0,"parent":0,"menu_order":0,"comment_status":"closed","ping_status":"closed","template":"","meta":{"site-sidebar-layout":"no-sidebar","site-content-layout":"","ast-site-content-layout":"full-width-container","site-content-style":"default","site-sidebar-style":"default","ast-global-header-display":"","ast-banner-title-visibility":"","ast-main-header-display":"","ast-hfb-above-header-display":"","ast-hfb-below-header-display":"","ast-hfb-mobile-header-display":"","site-post-title":"disabled","ast-breadcrumbs-content":"","ast-featured-img":"disabled","footer-sml-layout":"","theme-transparent-header-meta":"","adv-header-id-meta":"","stick-header-meta":"","header-above-stick-meta":"","header-main-stick-meta":"","header-below-stick-meta":"","astra-migrate-meta-layouts":"default","ast-page-background-enabled":"default","ast-page-background-meta":{"desktop":{"background-color":"var(--ast-global-color-5)","background-image":"","background-repeat":"repeat","background-position":"center center","background-size":"auto","background-attachment":"scroll","background-type":"","background-media":"","overlay-type":"","overlay-color":"","overlay-opacity":"","overlay-gradient":""},"tablet":{"background-color":"","background-image":"","background-repeat":"repeat","background-position":"center center","background-size":"auto","background-attachment":"scroll","background-type":"","background-media":"","overlay-type":"","overlay-color":"","overlay-opacity":"","overlay-gradient":""},"mobile":{"background-color":"","background-image":"","background-repeat":"repeat","background-position":"center center","background-size":"auto","background-attachment":"scroll","background-type":"","background-media":"","overlay-type":"","overlay-color":"","overlay-opacity":"","overlay-gradient":""}},"ast-content-background-meta":{"desktop":{"background-color":"var(--ast-global-color-4)","background-image":"","background-repeat":"repeat","background-position":"center center","background-size":"auto","background-attachment":"scroll","background-type":"","background-media":"","overlay-type":"","overlay-color":"","overlay-opacity":"","overlay-gradient":""},"tablet":{"background-color":"var(--ast-global-color-4)","background-image":"","background-repeat":"repeat","background-position":"center center","background-size":"auto","background-attachment":"scroll","background-type":"","background-media":"","overlay-type":"","overlay-color":"","overlay-opacity":"","overlay-gradient":""},"mobile":{"background-color":"var(--ast-global-color-4)","background-image":"","background-repeat":"repeat","background-position":"center center","background-size":"auto","background-attachment":"scroll","background-type":"","background-media":"","overlay-type":"","overlay-color":"","overlay-opacity":"","overlay-gradient":""}},"footnotes":""},"class_list":["post-19","page","type-page","status-publish","hentry"],"yoast_head":"<!-- This site is optimized with the Yoast SEO plugin v27.6 - https:\/\/yoast.com\/product\/yoast-seo-wordpress\/ -->\n<title>Pollos BB - Agriproducts SAC<\/title>\n<meta name=\"description\" content=\"Somos una empresa con m\u00e1s de 25 a\u00f1os de experiencia en el sector Av\u00edcola, especializados en incubaci\u00f3n de huevos f\u00e9rtiles, venta de pollos BB de carne y distribuci\u00f3n de N\u00facleos Nutricionales.\" \/>\n<meta name=\"robots\" content=\"index, follow, max-snippet:-1, max-image-preview:large, max-video-preview:-1\" \/>\n<link rel=\"canonical\" href=\"https:\/\/agriproducts.com.pe\/contacto\/index.php\/pollos-bb\/\" \/>\n<meta property=\"og:locale\" content=\"es_ES\" \/>\n<meta property=\"og:type\" content=\"article\" \/>\n<meta property=\"og:title\" content=\"Pollos BB - Agriproducts SAC\" \/>\n<meta property=\"og:description\" content=\"Somos una empresa con m\u00e1s de 25 a\u00f1os de experiencia en el sector Av\u00edcola, especializados en incubaci\u00f3n de huevos f\u00e9rtiles, venta de pollos BB de carne y distribuci\u00f3n de N\u00facleos Nutricionales.\" \/>\n<meta property=\"og:url\" content=\"https:\/\/agriproducts.com.pe\/contacto\/index.php\/pollos-bb\/\" \/>\n<meta property=\"og:site_name\" content=\"Agriproducts SAC\" \/>\n<meta property=\"article:modified_time\" content=\"2025-04-10T20:26:07+00:00\" \/>\n<meta property=\"og:image\" content=\"https:\/\/agriproducts.com.pe\/contacto\/wp-content\/uploads\/2025\/04\/pollo_coob2.jpg\" \/>\n\t<meta property=\"og:image:width\" content=\"540\" \/>\n\t<meta property=\"og:image:height\" content=\"400\" \/>\n\t<meta property=\"og:image:type\" content=\"image\/jpeg\" \/>\n<meta name=\"twitter:card\" content=\"summary_large_image\" \/>\n<meta name=\"twitter:label1\" content=\"Tiempo de lectura\" \/>\n\t<meta name=\"twitter:data1\" content=\"2 minutos\" \/>\n<script type=\"application\/ld+json\" class=\"yoast-schema-graph\">{\"@context\":\"https:\\\/\\\/schema.org\",\"@graph\":[{\"@type\":\"WebPage\",\"@id\":\"https:\\\/\\\/agriproducts.com.pe\\\/contacto\\\/index.php\\\/pollos-bb\\\/\",\"url\":\"https:\\\/\\\/agriproducts.com.pe\\\/contacto\\\/index.php\\\/pollos-bb\\\/\",\"name\":\"Pollos BB - Agriproducts SAC\",\"isPartOf\":{\"@id\":\"https:\\\/\\\/agriproducts.com.pe\\\/contacto\\\/#website\"},\"primaryImageOfPage\":{\"@id\":\"https:\\\/\\\/agriproducts.com.pe\\\/contacto\\\/index.php\\\/pollos-bb\\\/#primaryimage\"},\"image\":{\"@id\":\"https:\\\/\\\/agriproducts.com.pe\\\/contacto\\\/index.php\\\/pollos-bb\\\/#primaryimage\"},\"thumbnailUrl\":\"https:\\\/\\\/agriproducts.com.pe\\\/contacto\\\/wp-content\\\/uploads\\\/2025\\\/04\\\/pollo_coob2.jpg\",\"datePublished\":\"2025-04-05T23:22:49+00:00\",\"dateModified\":\"2025-04-10T20:26:07+00:00\",\"description\":\"Somos una empresa con m\u00e1s de 25 a\u00f1os de experiencia en el sector Av\u00edcola, especializados en incubaci\u00f3n de huevos f\u00e9rtiles, venta de pollos BB de carne y distribuci\u00f3n de N\u00facleos Nutricionales.\",\"breadcrumb\":{\"@id\":\"https:\\\/\\\/agriproducts.com.pe\\\/contacto\\\/index.php\\\/pollos-bb\\\/#breadcrumb\"},\"inLanguage\":\"es\",\"potentialAction\":[{\"@type\":\"ReadAction\",\"target\":[\"https:\\\/\\\/agriproducts.com.pe\\\/contacto\\\/index.php\\\/pollos-bb\\\/\"]}]},{\"@type\":\"ImageObject\",\"inLanguage\":\"es\",\"@id\":\"https:\\\/\\\/agriproducts.com.pe\\\/contacto\\\/index.php\\\/pollos-bb\\\/#primaryimage\",\"url\":\"https:\\\/\\\/agriproducts.com.pe\\\/contacto\\\/wp-content\\\/uploads\\\/2025\\\/04\\\/pollo_coob2.jpg\",\"contentUrl\":\"https:\\\/\\\/agriproducts.com.pe\\\/contacto\\\/wp-content\\\/uploads\\\/2025\\\/04\\\/pollo_coob2.jpg\",\"width\":540,\"height\":400},{\"@type\":\"BreadcrumbList\",\"@id\":\"https:\\\/\\\/agriproducts.com.pe\\\/contacto\\\/index.php\\\/pollos-bb\\\/#breadcrumb\",\"itemListElement\":[{\"@type\":\"ListItem\",\"position\":1,\"name\":\"Portada\",\"item\":\"https:\\\/\\\/agriproducts.com.pe\\\/contacto\\\/\"},{\"@type\":\"ListItem\",\"position\":2,\"name\":\"Pollos BB\"}]},{\"@type\":\"WebSite\",\"@id\":\"https:\\\/\\\/agriproducts.com.pe\\\/contacto\\\/#website\",\"url\":\"https:\\\/\\\/agriproducts.com.pe\\\/contacto\\\/\",\"name\":\"Agriproducts SAC\",\"description\":\"\",\"potentialAction\":[{\"@type\":\"SearchAction\",\"target\":{\"@type\":\"EntryPoint\",\"urlTemplate\":\"https:\\\/\\\/agriproducts.com.pe\\\/contacto\\\/?s={search_term_string}\"},\"query-input\":{\"@type\":\"PropertyValueSpecification\",\"valueRequired\":true,\"valueName\":\"search_term_string\"}}],\"inLanguage\":\"es\"}]}<\/script>\n<!-- \/ Yoast SEO plugin. -->","yoast_head_json":{"title":"Pollos BB - Agriproducts SAC","description":"Somos una empresa con m\u00e1s de 25 a\u00f1os de experiencia en el sector Av\u00edcola, especializados en incubaci\u00f3n de huevos f\u00e9rtiles, venta de pollos BB de carne y distribuci\u00f3n de N\u00facleos Nutricionales.","robots":{"index":"index","follow":"follow","max-snippet":"max-snippet:-1","max-image-preview":"max-image-preview:large","max-video-preview":"max-video-preview:-1"},"canonical":"https:\/\/agriproducts.com.pe\/contacto\/index.php\/pollos-bb\/","og_locale":"es_ES","og_type":"article","og_title":"Pollos BB - Agriproducts SAC","og_description":"Somos una empresa con m\u00e1s de 25 a\u00f1os de experiencia en el sector Av\u00edcola, especializados en incubaci\u00f3n de huevos f\u00e9rtiles, venta de pollos BB de carne y distribuci\u00f3n de N\u00facleos Nutricionales.","og_url":"https:\/\/agriproducts.com.pe\/contacto\/index.php\/pollos-bb\/","og_site_name":"Agriproducts SAC","article_modified_time":"2025-04-10T20:26:07+00:00","og_image":[{"width":540,"height":400,"url":"https:\/\/agriproducts.com.pe\/contacto\/wp-content\/uploads\/2025\/04\/pollo_coob2.jpg","type":"image\/jpeg"}],"twitter_card":"summary_large_image","twitter_misc":{"Tiempo de lectura":"2 minutos"},"schema":{"@context":"https:\/\/schema.org","@graph":[{"@type":"WebPage","@id":"https:\/\/agriproducts.com.pe\/contacto\/index.php\/pollos-bb\/","url":"https:\/\/agriproducts.com.pe\/contacto\/index.php\/pollos-bb\/","name":"Pollos BB - Agriproducts SAC","isPartOf":{"@id":"https:\/\/agriproducts.com.pe\/contacto\/#website"},"primaryImageOfPage":{"@id":"https:\/\/agriproducts.com.pe\/contacto\/index.php\/pollos-bb\/#primaryimage"},"image":{"@id":"https:\/\/agriproducts.com.pe\/contacto\/index.php\/pollos-bb\/#primaryimage"},"thumbnailUrl":"https:\/\/agriproducts.com.pe\/contacto\/wp-content\/uploads\/2025\/04\/pollo_coob2.jpg","datePublished":"2025-04-05T23:22:49+00:00","dateModified":"2025-04-10T20:26:07+00:00","description":"Somos una empresa con m\u00e1s de 25 a\u00f1os de experiencia en el sector Av\u00edcola, especializados en incubaci\u00f3n de huevos f\u00e9rtiles, venta de pollos BB de carne y distribuci\u00f3n de N\u00facleos Nutricionales.","breadcrumb":{"@id":"https:\/\/agriproducts.com.pe\/contacto\/index.php\/pollos-bb\/#breadcrumb"},"inLanguage":"es","potentialAction":[{"@type":"ReadAction","target":["https:\/\/agriproducts.com.pe\/contacto\/index.php\/pollos-bb\/"]}]},{"@type":"ImageObject","inLanguage":"es","@id":"https:\/\/agriproducts.com.pe\/contacto\/index.php\/pollos-bb\/#primaryimage","url":"https:\/\/agriproducts.com.pe\/contacto\/wp-content\/uploads\/2025\/04\/pollo_coob2.jpg","contentUrl":"https:\/\/agriproducts.com.pe\/contacto\/wp-content\/uploads\/2025\/04\/pollo_coob2.jpg","width":540,"height":400},{"@type":"BreadcrumbList","@id":"https:\/\/agriproducts.com.pe\/contacto\/index.php\/pollos-bb\/#breadcrumb","itemListElement":[{"@type":"ListItem","position":1,"name":"Portada","item":"https:\/\/agriproducts.com.pe\/contacto\/"},{"@type":"ListItem","position":2,"name":"Pollos BB"}]},{"@type":"WebSite","@id":"https:\/\/agriproducts.com.pe\/contacto\/#website","url":"https:\/\/agriproducts.com.pe\/contacto\/","name":"Agriproducts SAC","description":"","potentialAction":[{"@type":"SearchAction","target":{"@type":"EntryPoint","urlTemplate":"https:\/\/agriproducts.com.pe\/contacto\/?s={search_term_string}"},"query-input":{"@type":"PropertyValueSpecification","valueRequired":true,"valueName":"search_term_string"}}],"inLanguage":"es"}]}},"_links":{"self":[{"href":"https:\/\/agriproducts.com.pe\/contacto\/index.php\/wp-json\/wp\/v2\/pages\/19","targetHints":{"allow":["GET"]}}],"collection":[{"href":"https:\/\/agriproducts.com.pe\/contacto\/index.php\/wp-json\/wp\/v2\/pages"}],"about":[{"href":"https:\/\/agriproducts.com.pe\/contacto\/index.php\/wp-json\/wp\/v2\/types\/page"}],"author":[{"embeddable":true,"href":"https:\/\/agriproducts.com.pe\/contacto\/index.php\/wp-json\/wp\/v2\/users\/1"}],"replies":[{"embeddable":true,"href":"https:\/\/agriproducts.com.pe\/contacto\/index.php\/wp-json\/wp\/v2\/comments?post=19"}],"version-history":[{"count":85,"href":"https:\/\/agriproducts.com.pe\/contacto\/index.php\/wp-json\/wp\/v2\/pages\/19\/revisions"}],"predecessor-version":[{"id":551,"href":"https:\/\/agriproducts.com.pe\/contacto\/index.php\/wp-json\/wp\/v2\/pages\/19\/revisions\/551"}],"wp:attachment":[{"href":"https:\/\/agriproducts.com.pe\/contacto\/index.php\/wp-json\/wp\/v2\/media?parent=19"}],"curies":[{"name":"wp","href":"https:\/\/api.w.org\/{rel}","templated":true}]}}