{"id":230,"date":"2025-04-07T05:24:05","date_gmt":"2025-04-07T03:24:05","guid":{"rendered":"https:\/\/agriproducts.com.pe\/contacto\/?page_id=230"},"modified":"2025-04-10T18:57:04","modified_gmt":"2025-04-10T16:57:04","slug":"contactenos","status":"publish","type":"page","link":"https:\/\/agriproducts.com.pe\/contacto\/index.php\/contactenos\/","title":{"rendered":"Cont\u00e1ctenos"},"content":{"rendered":"\t\t<div data-elementor-type=\"wp-page\" data-elementor-id=\"230\" class=\"elementor elementor-230\" data-elementor-post-type=\"page\">\n\t\t\t\t<div class=\"elementor-element elementor-element-529af964 e-flex e-con-boxed e-con e-parent\" data-id=\"529af964\" data-element_type=\"container\" data-e-type=\"container\">\n\t\t\t\t\t<div class=\"e-con-inner\">\n\t\t\t\t<div class=\"elementor-element elementor-element-19fdb616 elementor-invisible elementor-widget elementor-widget-heading\" data-id=\"19fdb616\" data-element_type=\"widget\" data-e-type=\"widget\" data-settings=\"{&quot;_animation&quot;:&quot;fadeInDown&quot;,&quot;_animation_delay&quot;:200}\" data-widget_type=\"heading.default\">\n\t\t\t\t<div class=\"elementor-widget-container\">\n\t\t\t\t\t<h2 class=\"elementor-heading-title elementor-size-default\">Agriproducts<br>\nSAC<\/h2>\t\t\t\t<\/div>\n\t\t\t\t<\/div>\n\t\t\t\t\t<\/div>\n\t\t\t\t<\/div>\n\t\t<div class=\"elementor-element elementor-element-297bfbe3 e-flex e-con-boxed e-con e-parent\" data-id=\"297bfbe3\" data-element_type=\"container\" data-e-type=\"container\" data-settings=\"{&quot;background_background&quot;:&quot;classic&quot;}\">\n\t\t\t\t\t<div class=\"e-con-inner\">\n\t\t\t\t<div class=\"elementor-element elementor-element-6e30d61 elementor-invisible elementor-widget elementor-widget-heading\" data-id=\"6e30d61\" data-element_type=\"widget\" data-e-type=\"widget\" data-settings=\"{&quot;_animation&quot;:&quot;fadeInUp&quot;,&quot;_animation_delay&quot;:200}\" data-widget_type=\"heading.default\">\n\t\t\t\t<div class=\"elementor-widget-container\">\n\t\t\t\t\t<h2 class=\"elementor-heading-title elementor-size-default\">...un buen<br>\ncomienzo<\/h2>\t\t\t\t<\/div>\n\t\t\t\t<\/div>\n\t\t\t\t\t<\/div>\n\t\t\t\t<\/div>\n\t\t<div class=\"elementor-element elementor-element-3b984530 e-flex e-con-boxed e-con e-parent\" data-id=\"3b984530\" data-element_type=\"container\" data-e-type=\"container\">\n\t\t\t\t\t<div class=\"e-con-inner\">\n\t\t<div class=\"elementor-element elementor-element-490cc8e9 e-con-full e-flex e-con e-child\" data-id=\"490cc8e9\" data-element_type=\"container\" data-e-type=\"container\">\n\t\t\t\t<div class=\"elementor-element elementor-element-ebc9efe elementor-button-align-stretch elementor-widget elementor-widget-form\" data-id=\"ebc9efe\" data-element_type=\"widget\" data-e-type=\"widget\" data-settings=\"{&quot;button_width&quot;:&quot;25&quot;,&quot;step_next_label&quot;:&quot;Next&quot;,&quot;step_previous_label&quot;:&quot;Previous&quot;,&quot;step_type&quot;:&quot;number_text&quot;,&quot;step_icon_shape&quot;:&quot;circle&quot;}\" data-widget_type=\"form.default\">\n\t\t\t\t<div class=\"elementor-widget-container\">\n\t\t\t\t\t\t\t<form class=\"elementor-form\" method=\"post\" name=\"New Form\">\n\t\t\t<input type=\"hidden\" name=\"post_id\" value=\"230\"\/>\n\t\t\t<input type=\"hidden\" name=\"form_id\" value=\"ebc9efe\"\/>\n\t\t\t<input type=\"hidden\" name=\"referer_title\" value=\"Cont\u00e1ctenos - Agriproducts SAC\" \/>\n\n\t\t\t\t\t\t\t<input type=\"hidden\" name=\"queried_id\" value=\"230\"\/>\n\t\t\t\n\t\t\t<div class=\"elementor-form-fields-wrapper elementor-labels-\">\n\t\t\t\t\t\t\t\t<div class=\"elementor-field-type-text elementor-field-group elementor-column elementor-field-group-name elementor-col-100\">\n\t\t\t\t\t\t\t\t\t\t\t\t<label for=\"form-field-name\" class=\"elementor-field-label elementor-screen-only\">\n\t\t\t\t\t\t\t\tNombre\t\t\t\t\t\t\t<\/label>\n\t\t\t\t\t\t\t\t\t\t\t\t\t\t<input size=\"1\" type=\"text\" name=\"form_fields[name]\" id=\"form-field-name\" class=\"elementor-field elementor-size-sm  elementor-field-textual\" placeholder=\"Nombre\">\n\t\t\t\t\t\t\t\t\t\t\t<\/div>\n\t\t\t\t\t\t\t\t<div class=\"elementor-field-type-email elementor-field-group elementor-column elementor-field-group-email elementor-col-100 elementor-field-required\">\n\t\t\t\t\t\t\t\t\t\t\t\t<label for=\"form-field-email\" class=\"elementor-field-label elementor-screen-only\">\n\t\t\t\t\t\t\t\tEmail\t\t\t\t\t\t\t<\/label>\n\t\t\t\t\t\t\t\t\t\t\t\t\t\t<input size=\"1\" type=\"email\" name=\"form_fields[email]\" id=\"form-field-email\" class=\"elementor-field elementor-size-sm  elementor-field-textual\" placeholder=\"Email\" required=\"required\">\n\t\t\t\t\t\t\t\t\t\t\t<\/div>\n\t\t\t\t\t\t\t\t<div class=\"elementor-field-type-textarea elementor-field-group elementor-column elementor-field-group-message elementor-col-100\">\n\t\t\t\t\t\t\t\t\t\t\t\t<label for=\"form-field-message\" class=\"elementor-field-label elementor-screen-only\">\n\t\t\t\t\t\t\t\tConsulta\t\t\t\t\t\t\t<\/label>\n\t\t\t\t\t\t<textarea class=\"elementor-field-textual elementor-field  elementor-size-sm\" name=\"form_fields[message]\" id=\"form-field-message\" rows=\"5\" placeholder=\"Consulta\"><\/textarea>\t\t\t\t<\/div>\n\t\t\t\t\t\t\t\t<div class=\"elementor-field-type-recaptcha elementor-field-group elementor-column elementor-field-group-field_34fc1a1 elementor-col-100\">\n\t\t\t\t\t<div class=\"elementor-field\" id=\"form-field-field_34fc1a1\"><div class=\"elementor-g-recaptcha\" data-sitekey=\"6Lfs1hIrAAAAAJHCIbyxvC6uwkc_S1zheNp7sVj1\" data-type=\"v2_checkbox\" data-theme=\"light\" data-size=\"normal\"><\/div><\/div>\t\t\t\t<\/div>\n\t\t\t\t\t\t\t\t<div class=\"elementor-field-group elementor-column elementor-field-type-submit elementor-col-25 e-form__buttons\">\n\t\t\t\t\t<button class=\"elementor-button elementor-size-sm\" type=\"submit\">\n\t\t\t\t\t\t<span class=\"elementor-button-content-wrapper\">\n\t\t\t\t\t\t\t\t\t\t\t\t\t\t\t\t\t\t\t\t\t\t<span class=\"elementor-button-text\">Enviar<\/span>\n\t\t\t\t\t\t\t\t\t\t\t\t\t<\/span>\n\t\t\t\t\t<\/button>\n\t\t\t\t<\/div>\n\t\t\t<\/div>\n\t\t<\/form>\n\t\t\t\t\t\t<\/div>\n\t\t\t\t<\/div>\n\t\t\t\t<\/div>\n\t\t<div class=\"elementor-element elementor-element-29ec22c2 e-con-full e-flex e-con e-child\" data-id=\"29ec22c2\" data-element_type=\"container\" data-e-type=\"container\">\n\t\t\t\t<div class=\"elementor-element elementor-element-1f1165ed elementor-widget elementor-widget-text-editor\" data-id=\"1f1165ed\" data-element_type=\"widget\" data-e-type=\"widget\" data-widget_type=\"text-editor.default\">\n\t\t\t\t<div class=\"elementor-widget-container\">\n\t\t\t\t\t\t\t\t\t<p><strong>Oficina<\/strong><br \/>Luis Arias Schereiber 187, Oficina 201 B, Miraflores<br \/>+51 980 736 683<br \/>kenko@agriproducts.com.pe<\/p><p><strong>Planta de Incubaci\u00f3n<\/strong><br \/>Av. San Martin de Porras S\/N, Mz D Lt 10 Santa Rosa Baja, Punta Negra<br \/>+51 940 115 536<br \/>amolina@agriproducts.com.pe<br \/>Horario:<br \/>Lunes a Viernes de 8 am a 5 pm<\/p>\t\t\t\t\t\t\t\t<\/div>\n\t\t\t\t<\/div>\n\t\t\t\t<\/div>\n\t\t\t\t\t<\/div>\n\t\t\t\t<\/div>\n\t\t<div class=\"elementor-element elementor-element-60d6ae0 e-flex e-con-boxed e-con e-parent\" data-id=\"60d6ae0\" data-element_type=\"container\" data-e-type=\"container\">\n\t\t\t\t\t<div class=\"e-con-inner\">\n\t\t\t\t<div class=\"elementor-element elementor-element-1a277bc elementor-widget elementor-widget-google_maps\" data-id=\"1a277bc\" data-element_type=\"widget\" data-e-type=\"widget\" data-widget_type=\"google_maps.default\">\n\t\t\t\t<div class=\"elementor-widget-container\">\n\t\t\t\t\t\t\t<div class=\"elementor-custom-embed\">\n\t\t\t<iframe loading=\"lazy\"\n\t\t\t\t\tsrc=\"https:\/\/maps.google.com\/maps?q=Coronel%20Luis%20Arias%20Schreiber%20187%2C%20Miraflores%2015048%2C%20Per%C3%BA&#038;t=m&#038;z=16&#038;output=embed&#038;iwloc=near\"\n\t\t\t\t\ttitle=\"Coronel Luis Arias Schreiber 187, Miraflores 15048, Per\u00fa\"\n\t\t\t\t\taria-label=\"Coronel Luis Arias Schreiber 187, Miraflores 15048, Per\u00fa\"\n\t\t\t><\/iframe>\n\t\t<\/div>\n\t\t\t\t\t\t<\/div>\n\t\t\t\t<\/div>\n\t\t\t\t\t<\/div>\n\t\t\t\t<\/div>\n\t\t\t\t<\/div>\n\t\t","protected":false},"excerpt":{"rendered":"<p>Agriproducts SAC &#8230;un buen comienzo OficinaLuis Arias Schereiber 187, Oficina 201 B, Miraflores+51 980 736 683kenko@agriproducts.com.pe Planta de Incubaci\u00f3nAv. San [&hellip;]<\/p>\n","protected":false},"author":1,"featured_media":103,"parent":0,"menu_order":0,"comment_status":"closed","ping_status":"closed","template":"","meta":{"site-sidebar-layout":"no-sidebar","site-content-layout":"","ast-site-content-layout":"full-width-container","site-content-style":"default","site-sidebar-style":"default","ast-global-header-display":"","ast-banner-title-visibility":"","ast-main-header-display":"","ast-hfb-above-header-display":"","ast-hfb-below-header-display":"","ast-hfb-mobile-header-display":"","site-post-title":"disabled","ast-breadcrumbs-content":"","ast-featured-img":"disabled","footer-sml-layout":"","theme-transparent-header-meta":"","adv-header-id-meta":"","stick-header-meta":"","header-above-stick-meta":"","header-main-stick-meta":"","header-below-stick-meta":"","astra-migrate-meta-layouts":"default","ast-page-background-enabled":"default","ast-page-background-meta":{"desktop":{"background-color":"var(--ast-global-color-5)","background-image":"","background-repeat":"repeat","background-position":"center center","background-size":"auto","background-attachment":"scroll","background-type":"","background-media":"","overlay-type":"","overlay-color":"","overlay-opacity":"","overlay-gradient":""},"tablet":{"background-color":"","background-image":"","background-repeat":"repeat","background-position":"center center","background-size":"auto","background-attachment":"scroll","background-type":"","background-media":"","overlay-type":"","overlay-color":"","overlay-opacity":"","overlay-gradient":""},"mobile":{"background-color":"","background-image":"","background-repeat":"repeat","background-position":"center center","background-size":"auto","background-attachment":"scroll","background-type":"","background-media":"","overlay-type":"","overlay-color":"","overlay-opacity":"","overlay-gradient":""}},"ast-content-background-meta":{"desktop":{"background-color":"var(--ast-global-color-4)","background-image":"","background-repeat":"repeat","background-position":"center center","background-size":"auto","background-attachment":"scroll","background-type":"","background-media":"","overlay-type":"","overlay-color":"","overlay-opacity":"","overlay-gradient":""},"tablet":{"background-color":"var(--ast-global-color-4)","background-image":"","background-repeat":"repeat","background-position":"center center","background-size":"auto","background-attachment":"scroll","background-type":"","background-media":"","overlay-type":"","overlay-color":"","overlay-opacity":"","overlay-gradient":""},"mobile":{"background-color":"var(--ast-global-color-4)","background-image":"","background-repeat":"repeat","background-position":"center center","background-size":"auto","background-attachment":"scroll","background-type":"","background-media":"","overlay-type":"","overlay-color":"","overlay-opacity":"","overlay-gradient":""}},"footnotes":""},"class_list":["post-230","page","type-page","status-publish","has-post-thumbnail","hentry"],"yoast_head":"<!-- This site is optimized with the Yoast SEO plugin v27.6 - https:\/\/yoast.com\/product\/yoast-seo-wordpress\/ -->\n<title>Cont\u00e1ctenos - Agriproducts SAC<\/title>\n<meta name=\"description\" content=\"Somos una empresa con m\u00e1s de 25 a\u00f1os de experiencia en el sector Av\u00edcola, especializados en incubaci\u00f3n de huevos f\u00e9rtiles, venta de pollos BB de carne y distribuci\u00f3n de N\u00facleos Nutricionales.\" \/>\n<meta name=\"robots\" content=\"index, follow, max-snippet:-1, max-image-preview:large, max-video-preview:-1\" \/>\n<link rel=\"canonical\" href=\"https:\/\/agriproducts.com.pe\/contacto\/index.php\/contactenos\/\" \/>\n<meta property=\"og:locale\" content=\"es_ES\" \/>\n<meta property=\"og:type\" content=\"article\" \/>\n<meta property=\"og:title\" content=\"Cont\u00e1ctenos - Agriproducts SAC\" \/>\n<meta property=\"og:description\" content=\"Somos una empresa con m\u00e1s de 25 a\u00f1os de experiencia en el sector Av\u00edcola, especializados en incubaci\u00f3n de huevos f\u00e9rtiles, venta de pollos BB de carne y distribuci\u00f3n de N\u00facleos Nutricionales.\" \/>\n<meta property=\"og:url\" content=\"https:\/\/agriproducts.com.pe\/contacto\/index.php\/contactenos\/\" \/>\n<meta property=\"og:site_name\" content=\"Agriproducts SAC\" \/>\n<meta property=\"article:modified_time\" content=\"2025-04-10T16:57:04+00:00\" \/>\n<meta property=\"og:image\" content=\"https:\/\/agriproducts.com.pe\/contacto\/wp-content\/uploads\/2025\/04\/destacada.png\" \/>\n\t<meta property=\"og:image:width\" content=\"57\" \/>\n\t<meta property=\"og:image:height\" content=\"89\" \/>\n\t<meta property=\"og:image:type\" content=\"image\/png\" \/>\n<meta name=\"twitter:card\" content=\"summary_large_image\" \/>\n<meta name=\"twitter:label1\" content=\"Tiempo de lectura\" \/>\n\t<meta name=\"twitter:data1\" content=\"1 minuto\" \/>\n<script type=\"application\/ld+json\" class=\"yoast-schema-graph\">{\"@context\":\"https:\\\/\\\/schema.org\",\"@graph\":[{\"@type\":\"WebPage\",\"@id\":\"https:\\\/\\\/agriproducts.com.pe\\\/contacto\\\/index.php\\\/contactenos\\\/\",\"url\":\"https:\\\/\\\/agriproducts.com.pe\\\/contacto\\\/index.php\\\/contactenos\\\/\",\"name\":\"Cont\u00e1ctenos - Agriproducts SAC\",\"isPartOf\":{\"@id\":\"https:\\\/\\\/agriproducts.com.pe\\\/contacto\\\/#website\"},\"primaryImageOfPage\":{\"@id\":\"https:\\\/\\\/agriproducts.com.pe\\\/contacto\\\/index.php\\\/contactenos\\\/#primaryimage\"},\"image\":{\"@id\":\"https:\\\/\\\/agriproducts.com.pe\\\/contacto\\\/index.php\\\/contactenos\\\/#primaryimage\"},\"thumbnailUrl\":\"https:\\\/\\\/agriproducts.com.pe\\\/contacto\\\/wp-content\\\/uploads\\\/2025\\\/04\\\/destacada.png\",\"datePublished\":\"2025-04-07T03:24:05+00:00\",\"dateModified\":\"2025-04-10T16:57:04+00:00\",\"description\":\"Somos una empresa con m\u00e1s de 25 a\u00f1os de experiencia en el sector Av\u00edcola, especializados en incubaci\u00f3n de huevos f\u00e9rtiles, venta de pollos BB de carne y distribuci\u00f3n de N\u00facleos Nutricionales.\",\"breadcrumb\":{\"@id\":\"https:\\\/\\\/agriproducts.com.pe\\\/contacto\\\/index.php\\\/contactenos\\\/#breadcrumb\"},\"inLanguage\":\"es\",\"potentialAction\":[{\"@type\":\"ReadAction\",\"target\":[\"https:\\\/\\\/agriproducts.com.pe\\\/contacto\\\/index.php\\\/contactenos\\\/\"]}]},{\"@type\":\"ImageObject\",\"inLanguage\":\"es\",\"@id\":\"https:\\\/\\\/agriproducts.com.pe\\\/contacto\\\/index.php\\\/contactenos\\\/#primaryimage\",\"url\":\"https:\\\/\\\/agriproducts.com.pe\\\/contacto\\\/wp-content\\\/uploads\\\/2025\\\/04\\\/destacada.png\",\"contentUrl\":\"https:\\\/\\\/agriproducts.com.pe\\\/contacto\\\/wp-content\\\/uploads\\\/2025\\\/04\\\/destacada.png\",\"width\":57,\"height\":89},{\"@type\":\"BreadcrumbList\",\"@id\":\"https:\\\/\\\/agriproducts.com.pe\\\/contacto\\\/index.php\\\/contactenos\\\/#breadcrumb\",\"itemListElement\":[{\"@type\":\"ListItem\",\"position\":1,\"name\":\"Portada\",\"item\":\"https:\\\/\\\/agriproducts.com.pe\\\/contacto\\\/\"},{\"@type\":\"ListItem\",\"position\":2,\"name\":\"Cont\u00e1ctenos\"}]},{\"@type\":\"WebSite\",\"@id\":\"https:\\\/\\\/agriproducts.com.pe\\\/contacto\\\/#website\",\"url\":\"https:\\\/\\\/agriproducts.com.pe\\\/contacto\\\/\",\"name\":\"Agriproducts SAC\",\"description\":\"\",\"potentialAction\":[{\"@type\":\"SearchAction\",\"target\":{\"@type\":\"EntryPoint\",\"urlTemplate\":\"https:\\\/\\\/agriproducts.com.pe\\\/contacto\\\/?s={search_term_string}\"},\"query-input\":{\"@type\":\"PropertyValueSpecification\",\"valueRequired\":true,\"valueName\":\"search_term_string\"}}],\"inLanguage\":\"es\"}]}<\/script>\n<!-- \/ Yoast SEO plugin. -->","yoast_head_json":{"title":"Cont\u00e1ctenos - Agriproducts SAC","description":"Somos una empresa con m\u00e1s de 25 a\u00f1os de experiencia en el sector Av\u00edcola, especializados en incubaci\u00f3n de huevos f\u00e9rtiles, venta de pollos BB de carne y distribuci\u00f3n de N\u00facleos Nutricionales.","robots":{"index":"index","follow":"follow","max-snippet":"max-snippet:-1","max-image-preview":"max-image-preview:large","max-video-preview":"max-video-preview:-1"},"canonical":"https:\/\/agriproducts.com.pe\/contacto\/index.php\/contactenos\/","og_locale":"es_ES","og_type":"article","og_title":"Cont\u00e1ctenos - Agriproducts SAC","og_description":"Somos una empresa con m\u00e1s de 25 a\u00f1os de experiencia en el sector Av\u00edcola, especializados en incubaci\u00f3n de huevos f\u00e9rtiles, venta de pollos BB de carne y distribuci\u00f3n de N\u00facleos Nutricionales.","og_url":"https:\/\/agriproducts.com.pe\/contacto\/index.php\/contactenos\/","og_site_name":"Agriproducts SAC","article_modified_time":"2025-04-10T16:57:04+00:00","og_image":[{"width":57,"height":89,"url":"https:\/\/agriproducts.com.pe\/contacto\/wp-content\/uploads\/2025\/04\/destacada.png","type":"image\/png"}],"twitter_card":"summary_large_image","twitter_misc":{"Tiempo de lectura":"1 minuto"},"schema":{"@context":"https:\/\/schema.org","@graph":[{"@type":"WebPage","@id":"https:\/\/agriproducts.com.pe\/contacto\/index.php\/contactenos\/","url":"https:\/\/agriproducts.com.pe\/contacto\/index.php\/contactenos\/","name":"Cont\u00e1ctenos - Agriproducts SAC","isPartOf":{"@id":"https:\/\/agriproducts.com.pe\/contacto\/#website"},"primaryImageOfPage":{"@id":"https:\/\/agriproducts.com.pe\/contacto\/index.php\/contactenos\/#primaryimage"},"image":{"@id":"https:\/\/agriproducts.com.pe\/contacto\/index.php\/contactenos\/#primaryimage"},"thumbnailUrl":"https:\/\/agriproducts.com.pe\/contacto\/wp-content\/uploads\/2025\/04\/destacada.png","datePublished":"2025-04-07T03:24:05+00:00","dateModified":"2025-04-10T16:57:04+00:00","description":"Somos una empresa con m\u00e1s de 25 a\u00f1os de experiencia en el sector Av\u00edcola, especializados en incubaci\u00f3n de huevos f\u00e9rtiles, venta de pollos BB de carne y distribuci\u00f3n de N\u00facleos Nutricionales.","breadcrumb":{"@id":"https:\/\/agriproducts.com.pe\/contacto\/index.php\/contactenos\/#breadcrumb"},"inLanguage":"es","potentialAction":[{"@type":"ReadAction","target":["https:\/\/agriproducts.com.pe\/contacto\/index.php\/contactenos\/"]}]},{"@type":"ImageObject","inLanguage":"es","@id":"https:\/\/agriproducts.com.pe\/contacto\/index.php\/contactenos\/#primaryimage","url":"https:\/\/agriproducts.com.pe\/contacto\/wp-content\/uploads\/2025\/04\/destacada.png","contentUrl":"https:\/\/agriproducts.com.pe\/contacto\/wp-content\/uploads\/2025\/04\/destacada.png","width":57,"height":89},{"@type":"BreadcrumbList","@id":"https:\/\/agriproducts.com.pe\/contacto\/index.php\/contactenos\/#breadcrumb","itemListElement":[{"@type":"ListItem","position":1,"name":"Portada","item":"https:\/\/agriproducts.com.pe\/contacto\/"},{"@type":"ListItem","position":2,"name":"Cont\u00e1ctenos"}]},{"@type":"WebSite","@id":"https:\/\/agriproducts.com.pe\/contacto\/#website","url":"https:\/\/agriproducts.com.pe\/contacto\/","name":"Agriproducts SAC","description":"","potentialAction":[{"@type":"SearchAction","target":{"@type":"EntryPoint","urlTemplate":"https:\/\/agriproducts.com.pe\/contacto\/?s={search_term_string}"},"query-input":{"@type":"PropertyValueSpecification","valueRequired":true,"valueName":"search_term_string"}}],"inLanguage":"es"}]}},"_links":{"self":[{"href":"https:\/\/agriproducts.com.pe\/contacto\/index.php\/wp-json\/wp\/v2\/pages\/230","targetHints":{"allow":["GET"]}}],"collection":[{"href":"https:\/\/agriproducts.com.pe\/contacto\/index.php\/wp-json\/wp\/v2\/pages"}],"about":[{"href":"https:\/\/agriproducts.com.pe\/contacto\/index.php\/wp-json\/wp\/v2\/types\/page"}],"author":[{"embeddable":true,"href":"https:\/\/agriproducts.com.pe\/contacto\/index.php\/wp-json\/wp\/v2\/users\/1"}],"replies":[{"embeddable":true,"href":"https:\/\/agriproducts.com.pe\/contacto\/index.php\/wp-json\/wp\/v2\/comments?post=230"}],"version-history":[{"count":22,"href":"https:\/\/agriproducts.com.pe\/contacto\/index.php\/wp-json\/wp\/v2\/pages\/230\/revisions"}],"predecessor-version":[{"id":547,"href":"https:\/\/agriproducts.com.pe\/contacto\/index.php\/wp-json\/wp\/v2\/pages\/230\/revisions\/547"}],"wp:featuredmedia":[{"embeddable":true,"href":"https:\/\/agriproducts.com.pe\/contacto\/index.php\/wp-json\/wp\/v2\/media\/103"}],"wp:attachment":[{"href":"https:\/\/agriproducts.com.pe\/contacto\/index.php\/wp-json\/wp\/v2\/media?parent=230"}],"curies":[{"name":"wp","href":"https:\/\/api.w.org\/{rel}","templated":true}]}}