{"id":405,"date":"2025-04-09T06:10:25","date_gmt":"2025-04-09T04:10:25","guid":{"rendered":"https:\/\/agriproducts.com.pe\/contacto\/?page_id=405"},"modified":"2025-04-17T00:52:33","modified_gmt":"2025-04-16T22:52:33","slug":"acikobra","status":"publish","type":"page","link":"https:\/\/agriproducts.com.pe\/contacto\/index.php\/acikobra\/","title":{"rendered":"Acikobra"},"content":{"rendered":"\t\t<div data-elementor-type=\"wp-page\" data-elementor-id=\"405\" class=\"elementor elementor-405\" data-elementor-post-type=\"page\">\n\t\t\t\t<div class=\"elementor-element elementor-element-69ec6d4e e-flex e-con-boxed e-con e-parent\" data-id=\"69ec6d4e\" data-element_type=\"container\" data-e-type=\"container\">\n\t\t\t\t\t<div class=\"e-con-inner\">\n\t\t\t\t<div class=\"elementor-element elementor-element-6bf25fd elementor-invisible elementor-widget elementor-widget-heading\" data-id=\"6bf25fd\" data-element_type=\"widget\" data-e-type=\"widget\" data-settings=\"{&quot;_animation&quot;:&quot;fadeInDown&quot;,&quot;_animation_delay&quot;:200}\" data-widget_type=\"heading.default\">\n\t\t\t\t<div class=\"elementor-widget-container\">\n\t\t\t\t\t<h2 class=\"elementor-heading-title elementor-size-default\">Productos<br>\nAcikobra<\/h2>\t\t\t\t<\/div>\n\t\t\t\t<\/div>\n\t\t\t\t\t<\/div>\n\t\t\t\t<\/div>\n\t\t<div class=\"elementor-element elementor-element-736da7a1 e-flex e-con-boxed e-con e-parent\" data-id=\"736da7a1\" data-element_type=\"container\" data-e-type=\"container\" data-settings=\"{&quot;background_background&quot;:&quot;classic&quot;}\">\n\t\t\t\t\t<div class=\"e-con-inner\">\n\t\t\t\t<div class=\"elementor-element elementor-element-26890194 elementor-invisible elementor-widget elementor-widget-heading\" data-id=\"26890194\" data-element_type=\"widget\" data-e-type=\"widget\" data-settings=\"{&quot;_animation&quot;:&quot;fadeInUp&quot;,&quot;_animation_delay&quot;:200}\" data-widget_type=\"heading.default\">\n\t\t\t\t<div class=\"elementor-widget-container\">\n\t\t\t\t\t<h2 class=\"elementor-heading-title elementor-size-default\">Tabletas<br>\nPolvo Soluble<\/h2>\t\t\t\t<\/div>\n\t\t\t\t<\/div>\n\t\t\t\t\t<\/div>\n\t\t\t\t<\/div>\n\t\t<div class=\"elementor-element elementor-element-24d5d365 e-flex e-con-boxed e-con e-parent\" data-id=\"24d5d365\" data-element_type=\"container\" data-e-type=\"container\">\n\t\t\t\t\t<div class=\"e-con-inner\">\n\t\t<div class=\"elementor-element elementor-element-15963cb2 e-con-full e-flex e-con e-child\" data-id=\"15963cb2\" data-element_type=\"container\" data-e-type=\"container\">\n\t\t\t\t<div class=\"elementor-element elementor-element-bff3efc elementor-widget elementor-widget-image\" data-id=\"bff3efc\" data-element_type=\"widget\" data-e-type=\"widget\" data-widget_type=\"image.default\">\n\t\t\t\t<div class=\"elementor-widget-container\">\n\t\t\t\t\t\t\t\t\t\t\t\t\t\t\t<img decoding=\"async\" width=\"317\" height=\"91\" src=\"https:\/\/agriproducts.com.pe\/contacto\/wp-content\/uploads\/2025\/04\/logo_acikobra.png\" class=\"attachment-large size-large wp-image-421\" alt=\"\" srcset=\"https:\/\/agriproducts.com.pe\/contacto\/wp-content\/uploads\/2025\/04\/logo_acikobra.png 317w, https:\/\/agriproducts.com.pe\/contacto\/wp-content\/uploads\/2025\/04\/logo_acikobra-300x86.png 300w\" sizes=\"(max-width: 317px) 100vw, 317px\" \/>\t\t\t\t\t\t\t\t\t\t\t\t\t\t\t<\/div>\n\t\t\t\t<\/div>\n\t\t\t\t<\/div>\n\t\t<div class=\"elementor-element elementor-element-25c9e093 e-con-full e-flex e-con e-child\" data-id=\"25c9e093\" data-element_type=\"container\" data-e-type=\"container\">\n\t\t\t\t<div class=\"elementor-element elementor-element-149fb09a animated-slow elementor-invisible elementor-widget elementor-widget-image\" data-id=\"149fb09a\" data-element_type=\"widget\" data-e-type=\"widget\" data-settings=\"{&quot;_animation&quot;:&quot;fadeIn&quot;,&quot;_animation_delay&quot;:200}\" data-widget_type=\"image.default\">\n\t\t\t\t<div class=\"elementor-widget-container\">\n\t\t\t\t\t\t\t\t\t\t\t\t\t\t\t<img fetchpriority=\"high\" decoding=\"async\" width=\"300\" height=\"400\" src=\"https:\/\/agriproducts.com.pe\/contacto\/wp-content\/uploads\/2025\/04\/acikobra01.jpg\" class=\"attachment-large size-large wp-image-416\" alt=\"\" srcset=\"https:\/\/agriproducts.com.pe\/contacto\/wp-content\/uploads\/2025\/04\/acikobra01.jpg 300w, https:\/\/agriproducts.com.pe\/contacto\/wp-content\/uploads\/2025\/04\/acikobra01-225x300.jpg 225w\" sizes=\"(max-width: 300px) 100vw, 300px\" \/>\t\t\t\t\t\t\t\t\t\t\t\t\t\t\t<\/div>\n\t\t\t\t<\/div>\n\t\t\t\t<div class=\"elementor-element elementor-element-294b9830 elementor-widget elementor-widget-n-accordion\" data-id=\"294b9830\" data-element_type=\"widget\" data-e-type=\"widget\" data-settings=\"{&quot;default_state&quot;:&quot;all_collapsed&quot;,&quot;max_items_expended&quot;:&quot;one&quot;,&quot;n_accordion_animation_duration&quot;:{&quot;unit&quot;:&quot;ms&quot;,&quot;size&quot;:400,&quot;sizes&quot;:[]}}\" data-widget_type=\"nested-accordion.default\">\n\t\t\t\t<div class=\"elementor-widget-container\">\n\t\t\t\t\t\t\t<div class=\"e-n-accordion\" aria-label=\"Accordion. Open links with Enter or Space, close with Escape, and navigate with Arrow Keys\">\n\t\t\t\t\t\t<details id=\"e-n-accordion-item-6920\" class=\"e-n-accordion-item\" >\n\t\t\t\t<summary class=\"e-n-accordion-item-title\" data-accordion-index=\"1\" tabindex=\"0\" aria-expanded=\"false\" aria-controls=\"e-n-accordion-item-6920\" >\n\t\t\t\t\t<span class='e-n-accordion-item-title-header'><div class=\"e-n-accordion-item-title-text\"> ACIKOBRA\u00ae Tabletas <\/div><\/span>\n\t\t\t\t\t\t\t<span class='e-n-accordion-item-title-icon'>\n\t\t\t<span class='e-opened' ><svg aria-hidden=\"true\" class=\"e-font-icon-svg e-fas-arrow-up\" viewBox=\"0 0 448 512\" xmlns=\"http:\/\/www.w3.org\/2000\/svg\"><path d=\"M34.9 289.5l-22.2-22.2c-9.4-9.4-9.4-24.6 0-33.9L207 39c9.4-9.4 24.6-9.4 33.9 0l194.3 194.3c9.4 9.4 9.4 24.6 0 33.9L413 289.4c-9.5 9.5-25 9.3-34.3-.4L264 168.6V456c0 13.3-10.7 24-24 24h-32c-13.3 0-24-10.7-24-24V168.6L69.2 289.1c-9.3 9.8-24.8 10-34.3.4z\"><\/path><\/svg><\/span>\n\t\t\t<span class='e-closed'><svg aria-hidden=\"true\" class=\"e-font-icon-svg e-fas-arrow-down\" viewBox=\"0 0 448 512\" xmlns=\"http:\/\/www.w3.org\/2000\/svg\"><path d=\"M413.1 222.5l22.2 22.2c9.4 9.4 9.4 24.6 0 33.9L241 473c-9.4 9.4-24.6 9.4-33.9 0L12.7 278.6c-9.4-9.4-9.4-24.6 0-33.9l22.2-22.2c9.5-9.5 25-9.3 34.3.4L184 343.4V56c0-13.3 10.7-24 24-24h32c13.3 0 24 10.7 24 24v287.4l114.8-120.5c9.3-9.8 24.8-10 34.3-.4z\"><\/path><\/svg><\/span>\n\t\t<\/span>\n\n\t\t\t\t\t\t<\/summary>\n\t\t\t\t<div role=\"region\" aria-labelledby=\"e-n-accordion-item-6920\" class=\"elementor-element elementor-element-213fdac0 e-con-full e-flex e-con e-child\" data-id=\"213fdac0\" data-element_type=\"container\" data-e-type=\"container\">\n\t\t\t\t<div class=\"elementor-element elementor-element-111a19db elementor-widget elementor-widget-text-editor\" data-id=\"111a19db\" data-element_type=\"widget\" data-e-type=\"widget\" data-widget_type=\"text-editor.default\">\n\t\t\t\t<div class=\"elementor-widget-container\">\n\t\t\t\t\t\t\t\t\t<div class=\"wpb_text_column wpb_content_element\"><p><strong>Presentaci\u00f3n:<\/strong> 1.4 kg.<br \/><strong>Composici\u00f3n:<\/strong> \u00c1cido c\u00edtrico y \u00e1cido fum\u00e1rico, ambos de grado alimenticio.<\/p><p>Es una mezcla de \u00e1cidos org\u00e1nicos de grado alimenticio. Se encarga de reducir y mantener el pH del agua en niveles \u00e1cidos, con el fin de mejorar el control microbiol\u00f3gico (bacterias, virus y hongos).<\/p><\/div>\t\t\t\t\t\t\t\t<\/div>\n\t\t\t\t<\/div>\n\t\t\t\t<div class=\"elementor-element elementor-element-b953b44 elementor-widget elementor-widget-button\" data-id=\"b953b44\" data-element_type=\"widget\" data-e-type=\"widget\" data-widget_type=\"button.default\">\n\t\t\t\t<div class=\"elementor-widget-container\">\n\t\t\t\t\t\t\t\t\t<div class=\"elementor-button-wrapper\">\n\t\t\t\t\t<a class=\"elementor-button elementor-button-link elementor-size-sm\" href=\"https:\/\/agriproducts.com.pe\/contacto\/wp-content\/uploads\/2025\/04\/ficha_tecnica_pastilla.pdf\" target=\"_blank\">\n\t\t\t\t\t\t<span class=\"elementor-button-content-wrapper\">\n\t\t\t\t\t\t\t\t\t<span class=\"elementor-button-text\">Ficha T\u00e9cnica<\/span>\n\t\t\t\t\t<\/span>\n\t\t\t\t\t<\/a>\n\t\t\t\t<\/div>\n\t\t\t\t\t\t\t\t<\/div>\n\t\t\t\t<\/div>\n\t\t\t\t<\/div>\n\t\t\t\t\t<\/details>\n\t\t\t\t\t<\/div>\n\t\t\t\t\t\t<\/div>\n\t\t\t\t<\/div>\n\t\t\t\t<\/div>\n\t\t<div class=\"elementor-element elementor-element-52b55716 e-con-full e-flex e-con e-child\" data-id=\"52b55716\" data-element_type=\"container\" data-e-type=\"container\">\n\t\t\t\t<div class=\"elementor-element elementor-element-7775b58a animated-slow elementor-invisible elementor-widget elementor-widget-image\" data-id=\"7775b58a\" data-element_type=\"widget\" data-e-type=\"widget\" data-settings=\"{&quot;_animation&quot;:&quot;fadeIn&quot;,&quot;_animation_delay&quot;:300}\" data-widget_type=\"image.default\">\n\t\t\t\t<div class=\"elementor-widget-container\">\n\t\t\t\t\t\t\t\t\t\t\t\t\t\t\t<img decoding=\"async\" width=\"300\" height=\"400\" src=\"https:\/\/agriproducts.com.pe\/contacto\/wp-content\/uploads\/2025\/04\/acikobra02.jpg\" class=\"attachment-large size-large wp-image-417\" alt=\"\" srcset=\"https:\/\/agriproducts.com.pe\/contacto\/wp-content\/uploads\/2025\/04\/acikobra02.jpg 300w, https:\/\/agriproducts.com.pe\/contacto\/wp-content\/uploads\/2025\/04\/acikobra02-225x300.jpg 225w\" sizes=\"(max-width: 300px) 100vw, 300px\" \/>\t\t\t\t\t\t\t\t\t\t\t\t\t\t\t<\/div>\n\t\t\t\t<\/div>\n\t\t\t\t<div class=\"elementor-element elementor-element-15f83a7a elementor-widget elementor-widget-n-accordion\" data-id=\"15f83a7a\" data-element_type=\"widget\" data-e-type=\"widget\" data-settings=\"{&quot;default_state&quot;:&quot;all_collapsed&quot;,&quot;max_items_expended&quot;:&quot;one&quot;,&quot;n_accordion_animation_duration&quot;:{&quot;unit&quot;:&quot;ms&quot;,&quot;size&quot;:400,&quot;sizes&quot;:[]}}\" data-widget_type=\"nested-accordion.default\">\n\t\t\t\t<div class=\"elementor-widget-container\">\n\t\t\t\t\t\t\t<div class=\"e-n-accordion\" aria-label=\"Accordion. Open links with Enter or Space, close with Escape, and navigate with Arrow Keys\">\n\t\t\t\t\t\t<details id=\"e-n-accordion-item-3680\" class=\"e-n-accordion-item\" >\n\t\t\t\t<summary class=\"e-n-accordion-item-title\" data-accordion-index=\"1\" tabindex=\"0\" aria-expanded=\"false\" aria-controls=\"e-n-accordion-item-3680\" >\n\t\t\t\t\t<span class='e-n-accordion-item-title-header'><div class=\"e-n-accordion-item-title-text\"> ACIKOBRA\u00ae Polvo Soluble <\/div><\/span>\n\t\t\t\t\t\t\t<span class='e-n-accordion-item-title-icon'>\n\t\t\t<span class='e-opened' ><svg aria-hidden=\"true\" class=\"e-font-icon-svg e-fas-arrow-up\" viewBox=\"0 0 448 512\" xmlns=\"http:\/\/www.w3.org\/2000\/svg\"><path d=\"M34.9 289.5l-22.2-22.2c-9.4-9.4-9.4-24.6 0-33.9L207 39c9.4-9.4 24.6-9.4 33.9 0l194.3 194.3c9.4 9.4 9.4 24.6 0 33.9L413 289.4c-9.5 9.5-25 9.3-34.3-.4L264 168.6V456c0 13.3-10.7 24-24 24h-32c-13.3 0-24-10.7-24-24V168.6L69.2 289.1c-9.3 9.8-24.8 10-34.3.4z\"><\/path><\/svg><\/span>\n\t\t\t<span class='e-closed'><svg aria-hidden=\"true\" class=\"e-font-icon-svg e-fas-arrow-down\" viewBox=\"0 0 448 512\" xmlns=\"http:\/\/www.w3.org\/2000\/svg\"><path d=\"M413.1 222.5l22.2 22.2c9.4 9.4 9.4 24.6 0 33.9L241 473c-9.4 9.4-24.6 9.4-33.9 0L12.7 278.6c-9.4-9.4-9.4-24.6 0-33.9l22.2-22.2c9.5-9.5 25-9.3 34.3.4L184 343.4V56c0-13.3 10.7-24 24-24h32c13.3 0 24 10.7 24 24v287.4l114.8-120.5c9.3-9.8 24.8-10 34.3-.4z\"><\/path><\/svg><\/span>\n\t\t<\/span>\n\n\t\t\t\t\t\t<\/summary>\n\t\t\t\t<div role=\"region\" aria-labelledby=\"e-n-accordion-item-3680\" class=\"elementor-element elementor-element-715dc3f6 e-con-full e-flex e-con e-child\" data-id=\"715dc3f6\" data-element_type=\"container\" data-e-type=\"container\">\n\t\t\t\t<div class=\"elementor-element elementor-element-3e2de145 elementor-widget elementor-widget-text-editor\" data-id=\"3e2de145\" data-element_type=\"widget\" data-e-type=\"widget\" data-widget_type=\"text-editor.default\">\n\t\t\t\t<div class=\"elementor-widget-container\">\n\t\t\t\t\t\t\t\t\t<div class=\"wpb_text_column wpb_content_element\"><p><strong>Presentaci\u00f3n:<\/strong> 120 gr y 1 kg.<\/p><p>Es una mezcla de \u00e1cidos org\u00e1nicos en polvo de grado alimenticio. Se encarga de reducir y mantener el pH del agua en niveles \u00e1cidos, con el fin de mejorar el control microbiol\u00f3gico (bacterias, virus y hongos).<\/p><\/div>\t\t\t\t\t\t\t\t<\/div>\n\t\t\t\t<\/div>\n\t\t\t\t<div class=\"elementor-element elementor-element-c943ac6 elementor-widget elementor-widget-button\" data-id=\"c943ac6\" data-element_type=\"widget\" data-e-type=\"widget\" data-widget_type=\"button.default\">\n\t\t\t\t<div class=\"elementor-widget-container\">\n\t\t\t\t\t\t\t\t\t<div class=\"elementor-button-wrapper\">\n\t\t\t\t\t<a class=\"elementor-button elementor-button-link elementor-size-sm\" href=\"https:\/\/agriproducts.com.pe\/contacto\/wp-content\/uploads\/2025\/04\/ficha_tecnica_polvo_soluble.pdf\" target=\"_blank\">\n\t\t\t\t\t\t<span class=\"elementor-button-content-wrapper\">\n\t\t\t\t\t\t\t\t\t<span class=\"elementor-button-text\">Ficha T\u00e9cnica<\/span>\n\t\t\t\t\t<\/span>\n\t\t\t\t\t<\/a>\n\t\t\t\t<\/div>\n\t\t\t\t\t\t\t\t<\/div>\n\t\t\t\t<\/div>\n\t\t\t\t<\/div>\n\t\t\t\t\t<\/details>\n\t\t\t\t\t<\/div>\n\t\t\t\t\t\t<\/div>\n\t\t\t\t<\/div>\n\t\t\t\t<\/div>\n\t\t\t\t\t<\/div>\n\t\t\t\t<\/div>\n\t\t\t\t<\/div>\n\t\t","protected":false},"excerpt":{"rendered":"<p>Productos Acikobra Tabletas Polvo Soluble ACIKOBRA\u00ae Tabletas Presentaci\u00f3n: 1.4 kg.Composici\u00f3n: \u00c1cido c\u00edtrico y \u00e1cido fum\u00e1rico, ambos de grado alimenticio. Es [&hellip;]<\/p>\n","protected":false},"author":1,"featured_media":103,"parent":0,"menu_order":0,"comment_status":"closed","ping_status":"closed","template":"","meta":{"site-sidebar-layout":"no-sidebar","site-content-layout":"","ast-site-content-layout":"full-width-container","site-content-style":"default","site-sidebar-style":"default","ast-global-header-display":"","ast-banner-title-visibility":"","ast-main-header-display":"","ast-hfb-above-header-display":"","ast-hfb-below-header-display":"","ast-hfb-mobile-header-display":"","site-post-title":"disabled","ast-breadcrumbs-content":"","ast-featured-img":"disabled","footer-sml-layout":"","theme-transparent-header-meta":"","adv-header-id-meta":"","stick-header-meta":"","header-above-stick-meta":"","header-main-stick-meta":"","header-below-stick-meta":"","astra-migrate-meta-layouts":"default","ast-page-background-enabled":"default","ast-page-background-meta":{"desktop":{"background-color":"var(--ast-global-color-5)","background-image":"","background-repeat":"repeat","background-position":"center center","background-size":"auto","background-attachment":"scroll","background-type":"","background-media":"","overlay-type":"","overlay-color":"","overlay-opacity":"","overlay-gradient":""},"tablet":{"background-color":"","background-image":"","background-repeat":"repeat","background-position":"center center","background-size":"auto","background-attachment":"scroll","background-type":"","background-media":"","overlay-type":"","overlay-color":"","overlay-opacity":"","overlay-gradient":""},"mobile":{"background-color":"","background-image":"","background-repeat":"repeat","background-position":"center center","background-size":"auto","background-attachment":"scroll","background-type":"","background-media":"","overlay-type":"","overlay-color":"","overlay-opacity":"","overlay-gradient":""}},"ast-content-background-meta":{"desktop":{"background-color":"var(--ast-global-color-4)","background-image":"","background-repeat":"repeat","background-position":"center center","background-size":"auto","background-attachment":"scroll","background-type":"","background-media":"","overlay-type":"","overlay-color":"","overlay-opacity":"","overlay-gradient":""},"tablet":{"background-color":"var(--ast-global-color-4)","background-image":"","background-repeat":"repeat","background-position":"center center","background-size":"auto","background-attachment":"scroll","background-type":"","background-media":"","overlay-type":"","overlay-color":"","overlay-opacity":"","overlay-gradient":""},"mobile":{"background-color":"var(--ast-global-color-4)","background-image":"","background-repeat":"repeat","background-position":"center center","background-size":"auto","background-attachment":"scroll","background-type":"","background-media":"","overlay-type":"","overlay-color":"","overlay-opacity":"","overlay-gradient":""}},"footnotes":""},"class_list":["post-405","page","type-page","status-publish","has-post-thumbnail","hentry"],"yoast_head":"<!-- This site is optimized with the Yoast SEO plugin v27.6 - https:\/\/yoast.com\/product\/yoast-seo-wordpress\/ -->\n<title>Acikobra - Agriproducts SAC<\/title>\n<meta name=\"description\" content=\"Somos una empresa con m\u00e1s de 25 a\u00f1os de experiencia en el sector Av\u00edcola, especializados en incubaci\u00f3n de huevos f\u00e9rtiles, venta de pollos BB de carne y distribuci\u00f3n de N\u00facleos Nutricionales.\" \/>\n<meta name=\"robots\" content=\"index, follow, max-snippet:-1, max-image-preview:large, max-video-preview:-1\" \/>\n<link rel=\"canonical\" href=\"https:\/\/agriproducts.com.pe\/contacto\/index.php\/acikobra\/\" \/>\n<meta property=\"og:locale\" content=\"es_ES\" \/>\n<meta property=\"og:type\" content=\"article\" \/>\n<meta property=\"og:title\" content=\"Acikobra - Agriproducts SAC\" \/>\n<meta property=\"og:description\" content=\"Somos una empresa con m\u00e1s de 25 a\u00f1os de experiencia en el sector Av\u00edcola, especializados en incubaci\u00f3n de huevos f\u00e9rtiles, venta de pollos BB de carne y distribuci\u00f3n de N\u00facleos Nutricionales.\" \/>\n<meta property=\"og:url\" content=\"https:\/\/agriproducts.com.pe\/contacto\/index.php\/acikobra\/\" \/>\n<meta property=\"og:site_name\" content=\"Agriproducts SAC\" \/>\n<meta property=\"article:modified_time\" content=\"2025-04-16T22:52:33+00:00\" \/>\n<meta property=\"og:image\" content=\"https:\/\/agriproducts.com.pe\/contacto\/wp-content\/uploads\/2025\/04\/destacada.png\" \/>\n\t<meta property=\"og:image:width\" content=\"57\" \/>\n\t<meta property=\"og:image:height\" content=\"89\" \/>\n\t<meta property=\"og:image:type\" content=\"image\/png\" \/>\n<meta name=\"twitter:card\" content=\"summary_large_image\" \/>\n<meta name=\"twitter:label1\" content=\"Tiempo de lectura\" \/>\n\t<meta name=\"twitter:data1\" content=\"2 minutos\" \/>\n<script type=\"application\/ld+json\" class=\"yoast-schema-graph\">{\"@context\":\"https:\\\/\\\/schema.org\",\"@graph\":[{\"@type\":\"WebPage\",\"@id\":\"https:\\\/\\\/agriproducts.com.pe\\\/contacto\\\/index.php\\\/acikobra\\\/\",\"url\":\"https:\\\/\\\/agriproducts.com.pe\\\/contacto\\\/index.php\\\/acikobra\\\/\",\"name\":\"Acikobra - Agriproducts SAC\",\"isPartOf\":{\"@id\":\"https:\\\/\\\/agriproducts.com.pe\\\/contacto\\\/#website\"},\"primaryImageOfPage\":{\"@id\":\"https:\\\/\\\/agriproducts.com.pe\\\/contacto\\\/index.php\\\/acikobra\\\/#primaryimage\"},\"image\":{\"@id\":\"https:\\\/\\\/agriproducts.com.pe\\\/contacto\\\/index.php\\\/acikobra\\\/#primaryimage\"},\"thumbnailUrl\":\"https:\\\/\\\/agriproducts.com.pe\\\/contacto\\\/wp-content\\\/uploads\\\/2025\\\/04\\\/destacada.png\",\"datePublished\":\"2025-04-09T04:10:25+00:00\",\"dateModified\":\"2025-04-16T22:52:33+00:00\",\"description\":\"Somos una empresa con m\u00e1s de 25 a\u00f1os de experiencia en el sector Av\u00edcola, especializados en incubaci\u00f3n de huevos f\u00e9rtiles, venta de pollos BB de carne y distribuci\u00f3n de N\u00facleos Nutricionales.\",\"breadcrumb\":{\"@id\":\"https:\\\/\\\/agriproducts.com.pe\\\/contacto\\\/index.php\\\/acikobra\\\/#breadcrumb\"},\"inLanguage\":\"es\",\"potentialAction\":[{\"@type\":\"ReadAction\",\"target\":[\"https:\\\/\\\/agriproducts.com.pe\\\/contacto\\\/index.php\\\/acikobra\\\/\"]}]},{\"@type\":\"ImageObject\",\"inLanguage\":\"es\",\"@id\":\"https:\\\/\\\/agriproducts.com.pe\\\/contacto\\\/index.php\\\/acikobra\\\/#primaryimage\",\"url\":\"https:\\\/\\\/agriproducts.com.pe\\\/contacto\\\/wp-content\\\/uploads\\\/2025\\\/04\\\/destacada.png\",\"contentUrl\":\"https:\\\/\\\/agriproducts.com.pe\\\/contacto\\\/wp-content\\\/uploads\\\/2025\\\/04\\\/destacada.png\",\"width\":57,\"height\":89},{\"@type\":\"BreadcrumbList\",\"@id\":\"https:\\\/\\\/agriproducts.com.pe\\\/contacto\\\/index.php\\\/acikobra\\\/#breadcrumb\",\"itemListElement\":[{\"@type\":\"ListItem\",\"position\":1,\"name\":\"Portada\",\"item\":\"https:\\\/\\\/agriproducts.com.pe\\\/contacto\\\/\"},{\"@type\":\"ListItem\",\"position\":2,\"name\":\"Acikobra\"}]},{\"@type\":\"WebSite\",\"@id\":\"https:\\\/\\\/agriproducts.com.pe\\\/contacto\\\/#website\",\"url\":\"https:\\\/\\\/agriproducts.com.pe\\\/contacto\\\/\",\"name\":\"Agriproducts SAC\",\"description\":\"\",\"potentialAction\":[{\"@type\":\"SearchAction\",\"target\":{\"@type\":\"EntryPoint\",\"urlTemplate\":\"https:\\\/\\\/agriproducts.com.pe\\\/contacto\\\/?s={search_term_string}\"},\"query-input\":{\"@type\":\"PropertyValueSpecification\",\"valueRequired\":true,\"valueName\":\"search_term_string\"}}],\"inLanguage\":\"es\"}]}<\/script>\n<!-- \/ Yoast SEO plugin. -->","yoast_head_json":{"title":"Acikobra - Agriproducts SAC","description":"Somos una empresa con m\u00e1s de 25 a\u00f1os de experiencia en el sector Av\u00edcola, especializados en incubaci\u00f3n de huevos f\u00e9rtiles, venta de pollos BB de carne y distribuci\u00f3n de N\u00facleos Nutricionales.","robots":{"index":"index","follow":"follow","max-snippet":"max-snippet:-1","max-image-preview":"max-image-preview:large","max-video-preview":"max-video-preview:-1"},"canonical":"https:\/\/agriproducts.com.pe\/contacto\/index.php\/acikobra\/","og_locale":"es_ES","og_type":"article","og_title":"Acikobra - Agriproducts SAC","og_description":"Somos una empresa con m\u00e1s de 25 a\u00f1os de experiencia en el sector Av\u00edcola, especializados en incubaci\u00f3n de huevos f\u00e9rtiles, venta de pollos BB de carne y distribuci\u00f3n de N\u00facleos Nutricionales.","og_url":"https:\/\/agriproducts.com.pe\/contacto\/index.php\/acikobra\/","og_site_name":"Agriproducts SAC","article_modified_time":"2025-04-16T22:52:33+00:00","og_image":[{"width":57,"height":89,"url":"https:\/\/agriproducts.com.pe\/contacto\/wp-content\/uploads\/2025\/04\/destacada.png","type":"image\/png"}],"twitter_card":"summary_large_image","twitter_misc":{"Tiempo de lectura":"2 minutos"},"schema":{"@context":"https:\/\/schema.org","@graph":[{"@type":"WebPage","@id":"https:\/\/agriproducts.com.pe\/contacto\/index.php\/acikobra\/","url":"https:\/\/agriproducts.com.pe\/contacto\/index.php\/acikobra\/","name":"Acikobra - Agriproducts SAC","isPartOf":{"@id":"https:\/\/agriproducts.com.pe\/contacto\/#website"},"primaryImageOfPage":{"@id":"https:\/\/agriproducts.com.pe\/contacto\/index.php\/acikobra\/#primaryimage"},"image":{"@id":"https:\/\/agriproducts.com.pe\/contacto\/index.php\/acikobra\/#primaryimage"},"thumbnailUrl":"https:\/\/agriproducts.com.pe\/contacto\/wp-content\/uploads\/2025\/04\/destacada.png","datePublished":"2025-04-09T04:10:25+00:00","dateModified":"2025-04-16T22:52:33+00:00","description":"Somos una empresa con m\u00e1s de 25 a\u00f1os de experiencia en el sector Av\u00edcola, especializados en incubaci\u00f3n de huevos f\u00e9rtiles, venta de pollos BB de carne y distribuci\u00f3n de N\u00facleos Nutricionales.","breadcrumb":{"@id":"https:\/\/agriproducts.com.pe\/contacto\/index.php\/acikobra\/#breadcrumb"},"inLanguage":"es","potentialAction":[{"@type":"ReadAction","target":["https:\/\/agriproducts.com.pe\/contacto\/index.php\/acikobra\/"]}]},{"@type":"ImageObject","inLanguage":"es","@id":"https:\/\/agriproducts.com.pe\/contacto\/index.php\/acikobra\/#primaryimage","url":"https:\/\/agriproducts.com.pe\/contacto\/wp-content\/uploads\/2025\/04\/destacada.png","contentUrl":"https:\/\/agriproducts.com.pe\/contacto\/wp-content\/uploads\/2025\/04\/destacada.png","width":57,"height":89},{"@type":"BreadcrumbList","@id":"https:\/\/agriproducts.com.pe\/contacto\/index.php\/acikobra\/#breadcrumb","itemListElement":[{"@type":"ListItem","position":1,"name":"Portada","item":"https:\/\/agriproducts.com.pe\/contacto\/"},{"@type":"ListItem","position":2,"name":"Acikobra"}]},{"@type":"WebSite","@id":"https:\/\/agriproducts.com.pe\/contacto\/#website","url":"https:\/\/agriproducts.com.pe\/contacto\/","name":"Agriproducts SAC","description":"","potentialAction":[{"@type":"SearchAction","target":{"@type":"EntryPoint","urlTemplate":"https:\/\/agriproducts.com.pe\/contacto\/?s={search_term_string}"},"query-input":{"@type":"PropertyValueSpecification","valueRequired":true,"valueName":"search_term_string"}}],"inLanguage":"es"}]}},"_links":{"self":[{"href":"https:\/\/agriproducts.com.pe\/contacto\/index.php\/wp-json\/wp\/v2\/pages\/405","targetHints":{"allow":["GET"]}}],"collection":[{"href":"https:\/\/agriproducts.com.pe\/contacto\/index.php\/wp-json\/wp\/v2\/pages"}],"about":[{"href":"https:\/\/agriproducts.com.pe\/contacto\/index.php\/wp-json\/wp\/v2\/types\/page"}],"author":[{"embeddable":true,"href":"https:\/\/agriproducts.com.pe\/contacto\/index.php\/wp-json\/wp\/v2\/users\/1"}],"replies":[{"embeddable":true,"href":"https:\/\/agriproducts.com.pe\/contacto\/index.php\/wp-json\/wp\/v2\/comments?post=405"}],"version-history":[{"count":25,"href":"https:\/\/agriproducts.com.pe\/contacto\/index.php\/wp-json\/wp\/v2\/pages\/405\/revisions"}],"predecessor-version":[{"id":659,"href":"https:\/\/agriproducts.com.pe\/contacto\/index.php\/wp-json\/wp\/v2\/pages\/405\/revisions\/659"}],"wp:featuredmedia":[{"embeddable":true,"href":"https:\/\/agriproducts.com.pe\/contacto\/index.php\/wp-json\/wp\/v2\/media\/103"}],"wp:attachment":[{"href":"https:\/\/agriproducts.com.pe\/contacto\/index.php\/wp-json\/wp\/v2\/media?parent=405"}],"curies":[{"name":"wp","href":"https:\/\/api.w.org\/{rel}","templated":true}]}}